{"id":1567,"date":"2019-01-14T14:29:12","date_gmt":"2019-01-14T13:29:12","guid":{"rendered":"http:\/\/www.nanexa.com\/?page_id=1567"},"modified":"2019-01-22T07:57:03","modified_gmt":"2019-01-22T06:57:03","slug":"infor-optionslosen-av-nanexa-to1","status":"publish","type":"page","link":"https:\/\/nanexa.com\/sv\/infor-optionslosen-av-nanexa-to1\/","title":{"rendered":"INF\u00d6R OPTIONSL\u00d6SEN AV NANEXA TO1"},"content":{"rendered":"<p>Anm\u00e4lan om teckning av aktier med st\u00f6d av teckningsoptioner, noterade f\u00f6r handel p\u00e5 Spotlight Stockmarket med kortnamnet NANEXA TO1, n\u00e4rmar sig.<br \/>\nTeckningstiden l\u00f6per fr\u00e5n den 21 januari till den 1 februari 2019. Varje teckningsoption ger r\u00e4tt att teckna en (1) ny aktie i Bolaget till en kurs motsvarar sjuttiofem (75) procent av det volymv\u00e4gda genomsnittet av kursen f\u00f6r Nanexas aktie under perioden 7 januari 2019 till den 18 januari 2019. Den fastst\u00e4llda kursen kommer meddelas senast den 21 januari 2019.<\/p>\n<p>Direktregistrerade innehavare av teckningsoptioner ska anm\u00e4la l\u00f6sen av teckningsoptioner genom att fylla i och skicka in anm\u00e4lningssedel f\u00f6r inl\u00f6sen vilken kommer vara tillg\u00e4nglig p\u00e5 Nanexas hemsida fr\u00e5n och med den 21 januari.<br \/>\nF\u00f6rvaltarregistrerade innehavare av teckningsoptioner ska fr\u00e5n och med den 21 januari kunna anm\u00e4la l\u00f6sen av teckningsoptioner genom att kontakta sin f\u00f6rvaltare och f\u00f6lja sin f\u00f6rvaltares instruktion avseende betalning etc.<br \/>\nInformationsblad kommer skickas till optionsinnehavare per post under vecka 4.<\/p>\n<p>De innehavare som inte \u00f6nskar utnyttja sina teckningsoptioner rekommenderas att s\u00e4lja dem. Teckningsoptionerna handlas till och med den 30 januari 2019. Teckningsoptioner som inte nyttjas eller s\u00e4ljs f\u00f6rfaller utan v\u00e4rde.<\/p>\n<p>De nya aktierna kommer att levereras till tecknarnas konto som interimsaktier (Nanexa IA). Interimsaktierna ber\u00e4knas omvandlas till riktiga aktier s\u00e5 snart emissionen blivit registrerad hos Bolagsverket och Euroclear, vilket ber\u00e4knas vara klart under februari 2019. Ingen handel kommer att ske i interimsaktier p\u00e5 marknadsplatsen.<\/p>\n<p><a href=\"http:\/\/www.nanexa.com\/wp-content\/uploads\/2019\/01\/Nanexa-Teaser-4-sidig-Web-10.pdf\">LADDA NER TEASER<\/a><\/p>\n","protected":false},"excerpt":{"rendered":"<p>Anm\u00e4lan om teckning av aktier med st\u00f6d av teckningsoptioner, noterade f\u00f6r handel p\u00e5 Spotlight Stockmarket med kortnamnet NANEXA TO1, n\u00e4rmar sig.<br \/>\nTeckningstiden l\u00f6per fr\u00e5n den 21 januari till den 1 februari 2019.<\/p>\n<p><a class=\"read-more\" href=\"https:\/\/nanexa.com\/sv\/infor-optionslosen-av-nanexa-to1\/\">L\u00e4s mer<\/a><\/p>\n","protected":false},"author":1,"featured_media":0,"parent":0,"menu_order":0,"comment_status":"closed","ping_status":"open","template":"","meta":{"_acf_changed":false,"footnotes":""},"class_list":["post-1567","page","type-page","status-publish","hentry"],"acf":[],"yoast_head":"<!-- This site is optimized with the Yoast SEO plugin v27.5 - https:\/\/yoast.com\/product\/yoast-seo-wordpress\/ -->\n<title>INF\u00d6R OPTIONSL\u00d6SEN AV NANEXA TO1 - Nanexa AB<\/title>\n<meta name=\"robots\" content=\"index, follow, max-snippet:-1, max-image-preview:large, max-video-preview:-1\" \/>\n<link rel=\"canonical\" href=\"https:\/\/nanexa.com\/infor-optionslosen-av-nanexa-to1\/\" \/>\n<meta property=\"og:locale\" content=\"sv_SE\" \/>\n<meta property=\"og:type\" content=\"article\" \/>\n<meta property=\"og:title\" content=\"INF\u00d6R OPTIONSL\u00d6SEN AV NANEXA TO1 - Nanexa AB\" \/>\n<meta property=\"og:description\" content=\"Anm\u00e4lan om teckning av aktier med st\u00f6d av teckningsoptioner, noterade f\u00f6r handel p\u00e5 Spotlight Stockmarket med kortnamnet NANEXA TO1, n\u00e4rmar sig. Teckningstiden l\u00f6per fr\u00e5n den 21 januari till den 1 februari 2019.L\u00e4s mer\" \/>\n<meta property=\"og:url\" content=\"https:\/\/nanexa.com\/infor-optionslosen-av-nanexa-to1\/\" \/>\n<meta property=\"og:site_name\" content=\"Nanexa AB\" \/>\n<meta property=\"article:modified_time\" content=\"2019-01-22T06:57:03+00:00\" \/>\n<meta name=\"twitter:card\" content=\"summary_large_image\" \/>\n<meta name=\"twitter:label1\" content=\"Ber\u00e4knad l\u00e4stid\" \/>\n\t<meta name=\"twitter:data1\" content=\"1 minut\" \/>\n<script type=\"application\/ld+json\" class=\"yoast-schema-graph\">{\"@context\":\"https:\\\/\\\/schema.org\",\"@graph\":[{\"@type\":\"WebPage\",\"@id\":\"https:\\\/\\\/nanexa.com\\\/infor-optionslosen-av-nanexa-to1\\\/\",\"url\":\"https:\\\/\\\/nanexa.com\\\/infor-optionslosen-av-nanexa-to1\\\/\",\"name\":\"INF\u00d6R OPTIONSL\u00d6SEN AV NANEXA TO1 - Nanexa AB\",\"isPartOf\":{\"@id\":\"https:\\\/\\\/nanexa.com\\\/#website\"},\"datePublished\":\"2019-01-14T13:29:12+00:00\",\"dateModified\":\"2019-01-22T06:57:03+00:00\",\"breadcrumb\":{\"@id\":\"https:\\\/\\\/nanexa.com\\\/infor-optionslosen-av-nanexa-to1\\\/#breadcrumb\"},\"inLanguage\":\"sv-SE\",\"potentialAction\":[{\"@type\":\"ReadAction\",\"target\":[\"https:\\\/\\\/nanexa.com\\\/infor-optionslosen-av-nanexa-to1\\\/\"]}]},{\"@type\":\"BreadcrumbList\",\"@id\":\"https:\\\/\\\/nanexa.com\\\/infor-optionslosen-av-nanexa-to1\\\/#breadcrumb\",\"itemListElement\":[{\"@type\":\"ListItem\",\"position\":1,\"name\":\"Hem\",\"item\":\"https:\\\/\\\/nanexa.com\\\/sv\\\/\"},{\"@type\":\"ListItem\",\"position\":2,\"name\":\"INF\u00d6R OPTIONSL\u00d6SEN AV NANEXA TO1\"}]},{\"@type\":\"WebSite\",\"@id\":\"https:\\\/\\\/nanexa.com\\\/#website\",\"url\":\"https:\\\/\\\/nanexa.com\\\/\",\"name\":\"Nanexa AB\",\"description\":\"\",\"publisher\":{\"@id\":\"https:\\\/\\\/nanexa.com\\\/#organization\"},\"potentialAction\":[{\"@type\":\"SearchAction\",\"target\":{\"@type\":\"EntryPoint\",\"urlTemplate\":\"https:\\\/\\\/nanexa.com\\\/?s={search_term_string}\"},\"query-input\":{\"@type\":\"PropertyValueSpecification\",\"valueRequired\":true,\"valueName\":\"search_term_string\"}}],\"inLanguage\":\"sv-SE\"},{\"@type\":\"Organization\",\"@id\":\"https:\\\/\\\/nanexa.com\\\/#organization\",\"name\":\"Nanexa AB\",\"url\":\"https:\\\/\\\/nanexa.com\\\/\",\"logo\":{\"@type\":\"ImageObject\",\"inLanguage\":\"sv-SE\",\"@id\":\"https:\\\/\\\/nanexa.com\\\/#\\\/schema\\\/logo\\\/image\\\/\",\"url\":\"https:\\\/\\\/nanexa.com\\\/wp-content\\\/uploads\\\/2015\\\/04\\\/nanexa-logo.png\",\"contentUrl\":\"https:\\\/\\\/nanexa.com\\\/wp-content\\\/uploads\\\/2015\\\/04\\\/nanexa-logo.png\",\"width\":165,\"height\":50,\"caption\":\"Nanexa AB\"},\"image\":{\"@id\":\"https:\\\/\\\/nanexa.com\\\/#\\\/schema\\\/logo\\\/image\\\/\"}}]}<\/script>\n<!-- \/ Yoast SEO plugin. -->","yoast_head_json":{"title":"INF\u00d6R OPTIONSL\u00d6SEN AV NANEXA TO1 - Nanexa AB","robots":{"index":"index","follow":"follow","max-snippet":"max-snippet:-1","max-image-preview":"max-image-preview:large","max-video-preview":"max-video-preview:-1"},"canonical":"https:\/\/nanexa.com\/infor-optionslosen-av-nanexa-to1\/","og_locale":"sv_SE","og_type":"article","og_title":"INF\u00d6R OPTIONSL\u00d6SEN AV NANEXA TO1 - Nanexa AB","og_description":"Anm\u00e4lan om teckning av aktier med st\u00f6d av teckningsoptioner, noterade f\u00f6r handel p\u00e5 Spotlight Stockmarket med kortnamnet NANEXA TO1, n\u00e4rmar sig. Teckningstiden l\u00f6per fr\u00e5n den 21 januari till den 1 februari 2019.L\u00e4s mer","og_url":"https:\/\/nanexa.com\/infor-optionslosen-av-nanexa-to1\/","og_site_name":"Nanexa AB","article_modified_time":"2019-01-22T06:57:03+00:00","twitter_card":"summary_large_image","twitter_misc":{"Ber\u00e4knad l\u00e4stid":"1 minut"},"schema":{"@context":"https:\/\/schema.org","@graph":[{"@type":"WebPage","@id":"https:\/\/nanexa.com\/infor-optionslosen-av-nanexa-to1\/","url":"https:\/\/nanexa.com\/infor-optionslosen-av-nanexa-to1\/","name":"INF\u00d6R OPTIONSL\u00d6SEN AV NANEXA TO1 - Nanexa AB","isPartOf":{"@id":"https:\/\/nanexa.com\/#website"},"datePublished":"2019-01-14T13:29:12+00:00","dateModified":"2019-01-22T06:57:03+00:00","breadcrumb":{"@id":"https:\/\/nanexa.com\/infor-optionslosen-av-nanexa-to1\/#breadcrumb"},"inLanguage":"sv-SE","potentialAction":[{"@type":"ReadAction","target":["https:\/\/nanexa.com\/infor-optionslosen-av-nanexa-to1\/"]}]},{"@type":"BreadcrumbList","@id":"https:\/\/nanexa.com\/infor-optionslosen-av-nanexa-to1\/#breadcrumb","itemListElement":[{"@type":"ListItem","position":1,"name":"Hem","item":"https:\/\/nanexa.com\/sv\/"},{"@type":"ListItem","position":2,"name":"INF\u00d6R OPTIONSL\u00d6SEN AV NANEXA TO1"}]},{"@type":"WebSite","@id":"https:\/\/nanexa.com\/#website","url":"https:\/\/nanexa.com\/","name":"Nanexa AB","description":"","publisher":{"@id":"https:\/\/nanexa.com\/#organization"},"potentialAction":[{"@type":"SearchAction","target":{"@type":"EntryPoint","urlTemplate":"https:\/\/nanexa.com\/?s={search_term_string}"},"query-input":{"@type":"PropertyValueSpecification","valueRequired":true,"valueName":"search_term_string"}}],"inLanguage":"sv-SE"},{"@type":"Organization","@id":"https:\/\/nanexa.com\/#organization","name":"Nanexa AB","url":"https:\/\/nanexa.com\/","logo":{"@type":"ImageObject","inLanguage":"sv-SE","@id":"https:\/\/nanexa.com\/#\/schema\/logo\/image\/","url":"https:\/\/nanexa.com\/wp-content\/uploads\/2015\/04\/nanexa-logo.png","contentUrl":"https:\/\/nanexa.com\/wp-content\/uploads\/2015\/04\/nanexa-logo.png","width":165,"height":50,"caption":"Nanexa AB"},"image":{"@id":"https:\/\/nanexa.com\/#\/schema\/logo\/image\/"}}]}},"_links":{"self":[{"href":"https:\/\/nanexa.com\/sv\/wp-json\/wp\/v2\/pages\/1567","targetHints":{"allow":["GET"]}}],"collection":[{"href":"https:\/\/nanexa.com\/sv\/wp-json\/wp\/v2\/pages"}],"about":[{"href":"https:\/\/nanexa.com\/sv\/wp-json\/wp\/v2\/types\/page"}],"author":[{"embeddable":true,"href":"https:\/\/nanexa.com\/sv\/wp-json\/wp\/v2\/users\/1"}],"replies":[{"embeddable":true,"href":"https:\/\/nanexa.com\/sv\/wp-json\/wp\/v2\/comments?post=1567"}],"version-history":[{"count":4,"href":"https:\/\/nanexa.com\/sv\/wp-json\/wp\/v2\/pages\/1567\/revisions"}],"predecessor-version":[{"id":1587,"href":"https:\/\/nanexa.com\/sv\/wp-json\/wp\/v2\/pages\/1567\/revisions\/1587"}],"wp:attachment":[{"href":"https:\/\/nanexa.com\/sv\/wp-json\/wp\/v2\/media?parent=1567"}],"curies":[{"name":"wp","href":"https:\/\/api.w.org\/{rel}","templated":true}]}}