{"id":1951,"date":"2020-02-09T10:21:21","date_gmt":"2020-02-09T09:21:21","guid":{"rendered":"https:\/\/www.nanexa.com\/?page_id=1951"},"modified":"2023-10-11T11:52:54","modified_gmt":"2023-10-11T09:52:54","slug":"foretradesemission-2020","status":"publish","type":"page","link":"https:\/\/nanexa.com\/sv\/foretradesemission-2020\/","title":{"rendered":"Prospekt"},"content":{"rendered":"<h3>F\u00f6retr\u00e4desemission 2023<\/h3>\n<p><a href=\"https:\/\/nanexa.com\/wp-content\/uploads\/2023\/10\/Prospekt-Foretradesemission-Nanexa-AB-publ-2023-10-11.pdf\">Prospekt<\/a><\/p>\n<h3>F\u00f6retr\u00e4desemission 2021<\/h3>\n<p><a href=\"https:\/\/nanexa.com\/wp-content\/uploads\/2021\/06\/EU-tillvaxtprospekt-Nanexa-AB-2021-06-11.pdf\">Prospekt<\/a><\/p>\n<h3 style=\"margin-bottom: 6px;\">Listbyte First North 2020<\/h3>\n<p><a href=\"https:\/\/www.nanexa.com\/wp-content\/uploads\/2020\/09\/Nanexa-AB-Tillaggsdokument-avseende-listning.pdf\">Till\u00e4ggsdokument avseende listning<\/a><\/p>\n<h3 style=\"margin-bottom: 6px;\">F\u00f6retr\u00e4desemission 2020<\/h3>\n<p><a href=\"https:\/\/www.nanexa.com\/wp-content\/uploads\/2020\/02\/Prospekt-Nanexa-AB-556833-0285.pdf\">Prospekt<\/a><\/p>\n<h3 style=\"margin-bottom: 6px;\">F\u00f6retr\u00e4desemission 2017<\/h3>\n<p><a href=\"http:\/\/www.nanexa.com\/wp-content\/uploads\/2017\/11\/Memorandum-Nanexa.pdf\">Prospekt<\/a><\/p>\n<h3 style=\"margin-bottom: 6px;\">F\u00f6retr\u00e4desemission 2016<\/h3>\n<p><a href=\"http:\/\/www.nanexa.com\/wp-content\/uploads\/2016\/04\/556833-0285-Nanexa-AB-publ-Orig-Aktieprospekt-160408.pdf\">Prospekt<\/a><\/p>\n","protected":false},"excerpt":{"rendered":"<p>F\u00f6retr\u00e4desemission 2023<\/p>\n<p><a href=\"https:\/\/nanexa.com\/wp-content\/uploads\/2023\/10\/Prospekt-Foretradesemission-Nanexa-AB-publ-2023-10-11.pdf\">Prospekt<\/a><\/p>\n<p>F\u00f6retr\u00e4desemission 2021<\/p>\n<p><a href=\"https:\/\/nanexa.com\/wp-content\/uploads\/2021\/06\/EU-tillvaxtprospekt-Nanexa-AB-2021-06-11.pdf\">Prospekt<\/a><\/p>\n<p>Listbyte First North 2020<\/p>\n<p><a href=\"https:\/\/www.nanexa.com\/wp-content\/uploads\/2020\/09\/Nanexa-AB-Tillaggsdokument-avseende-listning.pdf\">Till\u00e4ggsdokument avseende listning<\/a><\/p>\n<p>F\u00f6retr\u00e4desemission 2020<\/p>\n<p><a href=\"https:\/\/www.nanexa.com\/wp-content\/uploads\/2020\/02\/Prospekt-Nanexa-AB-556833-0285.pdf\">Prospekt<\/a><\/p>\n<p>F\u00f6retr\u00e4desemission 2017<\/p>\n<p><a href=\"http:\/\/www.nanexa.com\/wp-content\/uploads\/2017\/11\/Memorandum-Nanexa.pdf\">Prospekt<\/a><\/p>\n<p>F\u00f6retr\u00e4desemission 2016<\/p>\n<p><a href=\"http:\/\/www.nanexa.com\/wp-content\/uploads\/2016\/04\/556833-0285-Nanexa-AB-publ-Orig-Aktieprospekt-160408.pdf\">Prospekt<\/a><\/p>\n<p><a class=\"read-more\" href=\"https:\/\/nanexa.com\/sv\/foretradesemission-2020\/\">L\u00e4s mer<\/a><\/p>\n","protected":false},"author":1,"featured_media":2381,"parent":0,"menu_order":0,"comment_status":"closed","ping_status":"open","template":"template.investerare.php","meta":{"_acf_changed":false,"footnotes":""},"class_list":["post-1951","page","type-page","status-publish","has-post-thumbnail","hentry"],"acf":[],"yoast_head":"<!-- This site is optimized with the Yoast SEO plugin v27.5 - https:\/\/yoast.com\/product\/yoast-seo-wordpress\/ -->\n<title>Prospekt - Nanexa AB<\/title>\n<meta name=\"robots\" content=\"index, follow, max-snippet:-1, max-image-preview:large, max-video-preview:-1\" \/>\n<link rel=\"canonical\" href=\"https:\/\/nanexa.com\/foretradesemission-2020\/\" \/>\n<meta property=\"og:locale\" content=\"sv_SE\" \/>\n<meta property=\"og:type\" content=\"article\" \/>\n<meta property=\"og:title\" content=\"Prospekt - Nanexa AB\" \/>\n<meta property=\"og:description\" content=\"F\u00f6retr\u00e4desemission 2023 Prospekt F\u00f6retr\u00e4desemission 2021 Prospekt Listbyte First North 2020 Till\u00e4ggsdokument avseende listning F\u00f6retr\u00e4desemission 2020 Prospekt F\u00f6retr\u00e4desemission 2017 Prospekt F\u00f6retr\u00e4desemission 2016 ProspektL\u00e4s mer\" \/>\n<meta property=\"og:url\" content=\"https:\/\/nanexa.com\/foretradesemission-2020\/\" \/>\n<meta property=\"og:site_name\" content=\"Nanexa AB\" \/>\n<meta property=\"article:modified_time\" content=\"2023-10-11T09:52:54+00:00\" \/>\n<meta property=\"og:image\" content=\"https:\/\/nanexa.com\/wp-content\/uploads\/2020\/05\/aktien.jpg\" \/>\n\t<meta property=\"og:image:width\" content=\"1240\" \/>\n\t<meta property=\"og:image:height\" content=\"400\" \/>\n\t<meta property=\"og:image:type\" content=\"image\/jpeg\" \/>\n<meta name=\"twitter:card\" content=\"summary_large_image\" \/>\n<meta name=\"twitter:label1\" content=\"Ber\u00e4knad l\u00e4stid\" \/>\n\t<meta name=\"twitter:data1\" content=\"1 minut\" \/>\n<script type=\"application\/ld+json\" class=\"yoast-schema-graph\">{\"@context\":\"https:\\\/\\\/schema.org\",\"@graph\":[{\"@type\":\"WebPage\",\"@id\":\"https:\\\/\\\/nanexa.com\\\/foretradesemission-2020\\\/\",\"url\":\"https:\\\/\\\/nanexa.com\\\/foretradesemission-2020\\\/\",\"name\":\"Prospekt - Nanexa AB\",\"isPartOf\":{\"@id\":\"https:\\\/\\\/nanexa.com\\\/#website\"},\"primaryImageOfPage\":{\"@id\":\"https:\\\/\\\/nanexa.com\\\/foretradesemission-2020\\\/#primaryimage\"},\"image\":{\"@id\":\"https:\\\/\\\/nanexa.com\\\/foretradesemission-2020\\\/#primaryimage\"},\"thumbnailUrl\":\"https:\\\/\\\/nanexa.com\\\/wp-content\\\/uploads\\\/2020\\\/05\\\/aktien.jpg\",\"datePublished\":\"2020-02-09T09:21:21+00:00\",\"dateModified\":\"2023-10-11T09:52:54+00:00\",\"breadcrumb\":{\"@id\":\"https:\\\/\\\/nanexa.com\\\/foretradesemission-2020\\\/#breadcrumb\"},\"inLanguage\":\"sv-SE\",\"potentialAction\":[{\"@type\":\"ReadAction\",\"target\":[\"https:\\\/\\\/nanexa.com\\\/foretradesemission-2020\\\/\"]}]},{\"@type\":\"ImageObject\",\"inLanguage\":\"sv-SE\",\"@id\":\"https:\\\/\\\/nanexa.com\\\/foretradesemission-2020\\\/#primaryimage\",\"url\":\"https:\\\/\\\/nanexa.com\\\/wp-content\\\/uploads\\\/2020\\\/05\\\/aktien.jpg\",\"contentUrl\":\"https:\\\/\\\/nanexa.com\\\/wp-content\\\/uploads\\\/2020\\\/05\\\/aktien.jpg\",\"width\":1240,\"height\":400},{\"@type\":\"BreadcrumbList\",\"@id\":\"https:\\\/\\\/nanexa.com\\\/foretradesemission-2020\\\/#breadcrumb\",\"itemListElement\":[{\"@type\":\"ListItem\",\"position\":1,\"name\":\"Hem\",\"item\":\"https:\\\/\\\/nanexa.com\\\/sv\\\/\"},{\"@type\":\"ListItem\",\"position\":2,\"name\":\"Prospekt\"}]},{\"@type\":\"WebSite\",\"@id\":\"https:\\\/\\\/nanexa.com\\\/#website\",\"url\":\"https:\\\/\\\/nanexa.com\\\/\",\"name\":\"Nanexa AB\",\"description\":\"\",\"publisher\":{\"@id\":\"https:\\\/\\\/nanexa.com\\\/#organization\"},\"potentialAction\":[{\"@type\":\"SearchAction\",\"target\":{\"@type\":\"EntryPoint\",\"urlTemplate\":\"https:\\\/\\\/nanexa.com\\\/?s={search_term_string}\"},\"query-input\":{\"@type\":\"PropertyValueSpecification\",\"valueRequired\":true,\"valueName\":\"search_term_string\"}}],\"inLanguage\":\"sv-SE\"},{\"@type\":\"Organization\",\"@id\":\"https:\\\/\\\/nanexa.com\\\/#organization\",\"name\":\"Nanexa AB\",\"url\":\"https:\\\/\\\/nanexa.com\\\/\",\"logo\":{\"@type\":\"ImageObject\",\"inLanguage\":\"sv-SE\",\"@id\":\"https:\\\/\\\/nanexa.com\\\/#\\\/schema\\\/logo\\\/image\\\/\",\"url\":\"https:\\\/\\\/nanexa.com\\\/wp-content\\\/uploads\\\/2015\\\/04\\\/nanexa-logo.png\",\"contentUrl\":\"https:\\\/\\\/nanexa.com\\\/wp-content\\\/uploads\\\/2015\\\/04\\\/nanexa-logo.png\",\"width\":165,\"height\":50,\"caption\":\"Nanexa AB\"},\"image\":{\"@id\":\"https:\\\/\\\/nanexa.com\\\/#\\\/schema\\\/logo\\\/image\\\/\"}}]}<\/script>\n<!-- \/ Yoast SEO plugin. -->","yoast_head_json":{"title":"Prospekt - Nanexa AB","robots":{"index":"index","follow":"follow","max-snippet":"max-snippet:-1","max-image-preview":"max-image-preview:large","max-video-preview":"max-video-preview:-1"},"canonical":"https:\/\/nanexa.com\/foretradesemission-2020\/","og_locale":"sv_SE","og_type":"article","og_title":"Prospekt - Nanexa AB","og_description":"F\u00f6retr\u00e4desemission 2023 Prospekt F\u00f6retr\u00e4desemission 2021 Prospekt Listbyte First North 2020 Till\u00e4ggsdokument avseende listning F\u00f6retr\u00e4desemission 2020 Prospekt F\u00f6retr\u00e4desemission 2017 Prospekt F\u00f6retr\u00e4desemission 2016 ProspektL\u00e4s mer","og_url":"https:\/\/nanexa.com\/foretradesemission-2020\/","og_site_name":"Nanexa AB","article_modified_time":"2023-10-11T09:52:54+00:00","og_image":[{"width":1240,"height":400,"url":"https:\/\/nanexa.com\/wp-content\/uploads\/2020\/05\/aktien.jpg","type":"image\/jpeg"}],"twitter_card":"summary_large_image","twitter_misc":{"Ber\u00e4knad l\u00e4stid":"1 minut"},"schema":{"@context":"https:\/\/schema.org","@graph":[{"@type":"WebPage","@id":"https:\/\/nanexa.com\/foretradesemission-2020\/","url":"https:\/\/nanexa.com\/foretradesemission-2020\/","name":"Prospekt - Nanexa AB","isPartOf":{"@id":"https:\/\/nanexa.com\/#website"},"primaryImageOfPage":{"@id":"https:\/\/nanexa.com\/foretradesemission-2020\/#primaryimage"},"image":{"@id":"https:\/\/nanexa.com\/foretradesemission-2020\/#primaryimage"},"thumbnailUrl":"https:\/\/nanexa.com\/wp-content\/uploads\/2020\/05\/aktien.jpg","datePublished":"2020-02-09T09:21:21+00:00","dateModified":"2023-10-11T09:52:54+00:00","breadcrumb":{"@id":"https:\/\/nanexa.com\/foretradesemission-2020\/#breadcrumb"},"inLanguage":"sv-SE","potentialAction":[{"@type":"ReadAction","target":["https:\/\/nanexa.com\/foretradesemission-2020\/"]}]},{"@type":"ImageObject","inLanguage":"sv-SE","@id":"https:\/\/nanexa.com\/foretradesemission-2020\/#primaryimage","url":"https:\/\/nanexa.com\/wp-content\/uploads\/2020\/05\/aktien.jpg","contentUrl":"https:\/\/nanexa.com\/wp-content\/uploads\/2020\/05\/aktien.jpg","width":1240,"height":400},{"@type":"BreadcrumbList","@id":"https:\/\/nanexa.com\/foretradesemission-2020\/#breadcrumb","itemListElement":[{"@type":"ListItem","position":1,"name":"Hem","item":"https:\/\/nanexa.com\/sv\/"},{"@type":"ListItem","position":2,"name":"Prospekt"}]},{"@type":"WebSite","@id":"https:\/\/nanexa.com\/#website","url":"https:\/\/nanexa.com\/","name":"Nanexa AB","description":"","publisher":{"@id":"https:\/\/nanexa.com\/#organization"},"potentialAction":[{"@type":"SearchAction","target":{"@type":"EntryPoint","urlTemplate":"https:\/\/nanexa.com\/?s={search_term_string}"},"query-input":{"@type":"PropertyValueSpecification","valueRequired":true,"valueName":"search_term_string"}}],"inLanguage":"sv-SE"},{"@type":"Organization","@id":"https:\/\/nanexa.com\/#organization","name":"Nanexa AB","url":"https:\/\/nanexa.com\/","logo":{"@type":"ImageObject","inLanguage":"sv-SE","@id":"https:\/\/nanexa.com\/#\/schema\/logo\/image\/","url":"https:\/\/nanexa.com\/wp-content\/uploads\/2015\/04\/nanexa-logo.png","contentUrl":"https:\/\/nanexa.com\/wp-content\/uploads\/2015\/04\/nanexa-logo.png","width":165,"height":50,"caption":"Nanexa AB"},"image":{"@id":"https:\/\/nanexa.com\/#\/schema\/logo\/image\/"}}]}},"_links":{"self":[{"href":"https:\/\/nanexa.com\/sv\/wp-json\/wp\/v2\/pages\/1951","targetHints":{"allow":["GET"]}}],"collection":[{"href":"https:\/\/nanexa.com\/sv\/wp-json\/wp\/v2\/pages"}],"about":[{"href":"https:\/\/nanexa.com\/sv\/wp-json\/wp\/v2\/types\/page"}],"author":[{"embeddable":true,"href":"https:\/\/nanexa.com\/sv\/wp-json\/wp\/v2\/users\/1"}],"replies":[{"embeddable":true,"href":"https:\/\/nanexa.com\/sv\/wp-json\/wp\/v2\/comments?post=1951"}],"version-history":[{"count":27,"href":"https:\/\/nanexa.com\/sv\/wp-json\/wp\/v2\/pages\/1951\/revisions"}],"predecessor-version":[{"id":6983,"href":"https:\/\/nanexa.com\/sv\/wp-json\/wp\/v2\/pages\/1951\/revisions\/6983"}],"wp:featuredmedia":[{"embeddable":true,"href":"https:\/\/nanexa.com\/sv\/wp-json\/wp\/v2\/media\/2381"}],"wp:attachment":[{"href":"https:\/\/nanexa.com\/sv\/wp-json\/wp\/v2\/media?parent=1951"}],"curies":[{"name":"wp","href":"https:\/\/api.w.org\/{rel}","templated":true}]}}