{"id":2120,"date":"2020-05-09T14:25:00","date_gmt":"2020-05-09T12:25:00","guid":{"rendered":"https:\/\/www.nanexa.com\/?page_id=2120"},"modified":"2022-03-16T13:49:24","modified_gmt":"2022-03-16T12:49:24","slug":"bolagsstyrning","status":"publish","type":"page","link":"https:\/\/nanexa.com\/sv\/bolagsstyrning\/","title":{"rendered":"Bolagsstyrning"},"content":{"rendered":"<p>Nanexa AB \u00e4r ett svenskt publikt aktiebolag, vars aktier handlas p\u00e5 Nasdaq First North Growth Market sedan den 29 maj 2020 och dessf\u00f6rinnan p\u00e5 Spotlight Stockmarket, sedan 2015. Bolagsstyrningen har sedan noteringen huvudsakligen baserats p\u00e5 svensk lagstiftning, bolagets bolagsordning, interna regler och f\u00f6reskrifter, god sed p\u00e5 aktiemarknaden, samt, i delar som ansetts vara relevanta f\u00f6r bolaget, svensk kod f\u00f6r bolagsstyrning (\u201dKoden\u201d).<\/p>\n<p>Syftet med bolagsstyrningen inom Nanexa \u00e4r att skapa en tydlig f\u00f6rdelning av roller och ansvar mellan \u00e4gare, styrelse och bolagsledning. Styrning, ledning och kontroll av Nanexa f\u00f6rdelas mellan bolagsst\u00e4mman, styrelsen samt verkst\u00e4llande direkt\u00f6ren.<\/p>\n","protected":false},"excerpt":{"rendered":"<p>Nanexa AB \u00e4r ett svenskt publikt aktiebolag, vars aktier handlas p\u00e5 Nasdaq First North Growth Market sedan den 29 maj 2020 och dessf\u00f6rinnan p\u00e5 Spotlight Stockmarket, sedan 2015.<\/p>\n<p><a class=\"read-more\" href=\"https:\/\/nanexa.com\/sv\/bolagsstyrning\/\">L\u00e4s mer<\/a><\/p>\n","protected":false},"author":1,"featured_media":2326,"parent":0,"menu_order":0,"comment_status":"closed","ping_status":"open","template":"template.investerare.php","meta":{"_acf_changed":false,"footnotes":""},"class_list":["post-2120","page","type-page","status-publish","has-post-thumbnail","hentry"],"acf":[],"yoast_head":"<!-- This site is optimized with the Yoast SEO plugin v27.5 - https:\/\/yoast.com\/product\/yoast-seo-wordpress\/ -->\n<title>Bolagsstyrning - Nanexa AB<\/title>\n<meta name=\"robots\" content=\"index, follow, max-snippet:-1, max-image-preview:large, max-video-preview:-1\" \/>\n<link rel=\"canonical\" href=\"https:\/\/nanexa.com\/bolagsstyrning\/\" \/>\n<meta property=\"og:locale\" content=\"sv_SE\" \/>\n<meta property=\"og:type\" content=\"article\" \/>\n<meta property=\"og:title\" content=\"Bolagsstyrning - Nanexa AB\" \/>\n<meta property=\"og:description\" content=\"Nanexa AB \u00e4r ett svenskt publikt aktiebolag, vars aktier handlas p\u00e5 Nasdaq First North Growth Market sedan den 29 maj 2020 och dessf\u00f6rinnan p\u00e5 Spotlight Stockmarket, sedan 2015.L\u00e4s mer\" \/>\n<meta property=\"og:url\" content=\"https:\/\/nanexa.com\/bolagsstyrning\/\" \/>\n<meta property=\"og:site_name\" content=\"Nanexa AB\" \/>\n<meta property=\"article:modified_time\" content=\"2022-03-16T12:49:24+00:00\" \/>\n<meta property=\"og:image\" content=\"https:\/\/nanexa.com\/wp-content\/uploads\/2020\/05\/bolagsordning.jpg\" \/>\n\t<meta property=\"og:image:width\" content=\"1080\" \/>\n\t<meta property=\"og:image:height\" content=\"400\" \/>\n\t<meta property=\"og:image:type\" content=\"image\/jpeg\" \/>\n<meta name=\"twitter:card\" content=\"summary_large_image\" \/>\n<meta name=\"twitter:label1\" content=\"Ber\u00e4knad l\u00e4stid\" \/>\n\t<meta name=\"twitter:data1\" content=\"1 minut\" \/>\n<script type=\"application\/ld+json\" class=\"yoast-schema-graph\">{\"@context\":\"https:\\\/\\\/schema.org\",\"@graph\":[{\"@type\":\"WebPage\",\"@id\":\"https:\\\/\\\/nanexa.com\\\/bolagsstyrning\\\/\",\"url\":\"https:\\\/\\\/nanexa.com\\\/bolagsstyrning\\\/\",\"name\":\"Bolagsstyrning - Nanexa AB\",\"isPartOf\":{\"@id\":\"https:\\\/\\\/nanexa.com\\\/#website\"},\"primaryImageOfPage\":{\"@id\":\"https:\\\/\\\/nanexa.com\\\/bolagsstyrning\\\/#primaryimage\"},\"image\":{\"@id\":\"https:\\\/\\\/nanexa.com\\\/bolagsstyrning\\\/#primaryimage\"},\"thumbnailUrl\":\"https:\\\/\\\/nanexa.com\\\/wp-content\\\/uploads\\\/2020\\\/05\\\/bolagsordning.jpg\",\"datePublished\":\"2020-05-09T12:25:00+00:00\",\"dateModified\":\"2022-03-16T12:49:24+00:00\",\"breadcrumb\":{\"@id\":\"https:\\\/\\\/nanexa.com\\\/bolagsstyrning\\\/#breadcrumb\"},\"inLanguage\":\"sv-SE\",\"potentialAction\":[{\"@type\":\"ReadAction\",\"target\":[\"https:\\\/\\\/nanexa.com\\\/bolagsstyrning\\\/\"]}]},{\"@type\":\"ImageObject\",\"inLanguage\":\"sv-SE\",\"@id\":\"https:\\\/\\\/nanexa.com\\\/bolagsstyrning\\\/#primaryimage\",\"url\":\"https:\\\/\\\/nanexa.com\\\/wp-content\\\/uploads\\\/2020\\\/05\\\/bolagsordning.jpg\",\"contentUrl\":\"https:\\\/\\\/nanexa.com\\\/wp-content\\\/uploads\\\/2020\\\/05\\\/bolagsordning.jpg\",\"width\":1080,\"height\":400},{\"@type\":\"BreadcrumbList\",\"@id\":\"https:\\\/\\\/nanexa.com\\\/bolagsstyrning\\\/#breadcrumb\",\"itemListElement\":[{\"@type\":\"ListItem\",\"position\":1,\"name\":\"Hem\",\"item\":\"https:\\\/\\\/nanexa.com\\\/sv\\\/\"},{\"@type\":\"ListItem\",\"position\":2,\"name\":\"Bolagsstyrning\"}]},{\"@type\":\"WebSite\",\"@id\":\"https:\\\/\\\/nanexa.com\\\/#website\",\"url\":\"https:\\\/\\\/nanexa.com\\\/\",\"name\":\"Nanexa AB\",\"description\":\"\",\"publisher\":{\"@id\":\"https:\\\/\\\/nanexa.com\\\/#organization\"},\"potentialAction\":[{\"@type\":\"SearchAction\",\"target\":{\"@type\":\"EntryPoint\",\"urlTemplate\":\"https:\\\/\\\/nanexa.com\\\/?s={search_term_string}\"},\"query-input\":{\"@type\":\"PropertyValueSpecification\",\"valueRequired\":true,\"valueName\":\"search_term_string\"}}],\"inLanguage\":\"sv-SE\"},{\"@type\":\"Organization\",\"@id\":\"https:\\\/\\\/nanexa.com\\\/#organization\",\"name\":\"Nanexa AB\",\"url\":\"https:\\\/\\\/nanexa.com\\\/\",\"logo\":{\"@type\":\"ImageObject\",\"inLanguage\":\"sv-SE\",\"@id\":\"https:\\\/\\\/nanexa.com\\\/#\\\/schema\\\/logo\\\/image\\\/\",\"url\":\"https:\\\/\\\/nanexa.com\\\/wp-content\\\/uploads\\\/2015\\\/04\\\/nanexa-logo.png\",\"contentUrl\":\"https:\\\/\\\/nanexa.com\\\/wp-content\\\/uploads\\\/2015\\\/04\\\/nanexa-logo.png\",\"width\":165,\"height\":50,\"caption\":\"Nanexa AB\"},\"image\":{\"@id\":\"https:\\\/\\\/nanexa.com\\\/#\\\/schema\\\/logo\\\/image\\\/\"}}]}<\/script>\n<!-- \/ Yoast SEO plugin. -->","yoast_head_json":{"title":"Bolagsstyrning - Nanexa AB","robots":{"index":"index","follow":"follow","max-snippet":"max-snippet:-1","max-image-preview":"max-image-preview:large","max-video-preview":"max-video-preview:-1"},"canonical":"https:\/\/nanexa.com\/bolagsstyrning\/","og_locale":"sv_SE","og_type":"article","og_title":"Bolagsstyrning - Nanexa AB","og_description":"Nanexa AB \u00e4r ett svenskt publikt aktiebolag, vars aktier handlas p\u00e5 Nasdaq First North Growth Market sedan den 29 maj 2020 och dessf\u00f6rinnan p\u00e5 Spotlight Stockmarket, sedan 2015.L\u00e4s mer","og_url":"https:\/\/nanexa.com\/bolagsstyrning\/","og_site_name":"Nanexa AB","article_modified_time":"2022-03-16T12:49:24+00:00","og_image":[{"width":1080,"height":400,"url":"https:\/\/nanexa.com\/wp-content\/uploads\/2020\/05\/bolagsordning.jpg","type":"image\/jpeg"}],"twitter_card":"summary_large_image","twitter_misc":{"Ber\u00e4knad l\u00e4stid":"1 minut"},"schema":{"@context":"https:\/\/schema.org","@graph":[{"@type":"WebPage","@id":"https:\/\/nanexa.com\/bolagsstyrning\/","url":"https:\/\/nanexa.com\/bolagsstyrning\/","name":"Bolagsstyrning - Nanexa AB","isPartOf":{"@id":"https:\/\/nanexa.com\/#website"},"primaryImageOfPage":{"@id":"https:\/\/nanexa.com\/bolagsstyrning\/#primaryimage"},"image":{"@id":"https:\/\/nanexa.com\/bolagsstyrning\/#primaryimage"},"thumbnailUrl":"https:\/\/nanexa.com\/wp-content\/uploads\/2020\/05\/bolagsordning.jpg","datePublished":"2020-05-09T12:25:00+00:00","dateModified":"2022-03-16T12:49:24+00:00","breadcrumb":{"@id":"https:\/\/nanexa.com\/bolagsstyrning\/#breadcrumb"},"inLanguage":"sv-SE","potentialAction":[{"@type":"ReadAction","target":["https:\/\/nanexa.com\/bolagsstyrning\/"]}]},{"@type":"ImageObject","inLanguage":"sv-SE","@id":"https:\/\/nanexa.com\/bolagsstyrning\/#primaryimage","url":"https:\/\/nanexa.com\/wp-content\/uploads\/2020\/05\/bolagsordning.jpg","contentUrl":"https:\/\/nanexa.com\/wp-content\/uploads\/2020\/05\/bolagsordning.jpg","width":1080,"height":400},{"@type":"BreadcrumbList","@id":"https:\/\/nanexa.com\/bolagsstyrning\/#breadcrumb","itemListElement":[{"@type":"ListItem","position":1,"name":"Hem","item":"https:\/\/nanexa.com\/sv\/"},{"@type":"ListItem","position":2,"name":"Bolagsstyrning"}]},{"@type":"WebSite","@id":"https:\/\/nanexa.com\/#website","url":"https:\/\/nanexa.com\/","name":"Nanexa AB","description":"","publisher":{"@id":"https:\/\/nanexa.com\/#organization"},"potentialAction":[{"@type":"SearchAction","target":{"@type":"EntryPoint","urlTemplate":"https:\/\/nanexa.com\/?s={search_term_string}"},"query-input":{"@type":"PropertyValueSpecification","valueRequired":true,"valueName":"search_term_string"}}],"inLanguage":"sv-SE"},{"@type":"Organization","@id":"https:\/\/nanexa.com\/#organization","name":"Nanexa AB","url":"https:\/\/nanexa.com\/","logo":{"@type":"ImageObject","inLanguage":"sv-SE","@id":"https:\/\/nanexa.com\/#\/schema\/logo\/image\/","url":"https:\/\/nanexa.com\/wp-content\/uploads\/2015\/04\/nanexa-logo.png","contentUrl":"https:\/\/nanexa.com\/wp-content\/uploads\/2015\/04\/nanexa-logo.png","width":165,"height":50,"caption":"Nanexa AB"},"image":{"@id":"https:\/\/nanexa.com\/#\/schema\/logo\/image\/"}}]}},"_links":{"self":[{"href":"https:\/\/nanexa.com\/sv\/wp-json\/wp\/v2\/pages\/2120","targetHints":{"allow":["GET"]}}],"collection":[{"href":"https:\/\/nanexa.com\/sv\/wp-json\/wp\/v2\/pages"}],"about":[{"href":"https:\/\/nanexa.com\/sv\/wp-json\/wp\/v2\/types\/page"}],"author":[{"embeddable":true,"href":"https:\/\/nanexa.com\/sv\/wp-json\/wp\/v2\/users\/1"}],"replies":[{"embeddable":true,"href":"https:\/\/nanexa.com\/sv\/wp-json\/wp\/v2\/comments?post=2120"}],"version-history":[{"count":12,"href":"https:\/\/nanexa.com\/sv\/wp-json\/wp\/v2\/pages\/2120\/revisions"}],"predecessor-version":[{"id":5679,"href":"https:\/\/nanexa.com\/sv\/wp-json\/wp\/v2\/pages\/2120\/revisions\/5679"}],"wp:featuredmedia":[{"embeddable":true,"href":"https:\/\/nanexa.com\/sv\/wp-json\/wp\/v2\/media\/2326"}],"wp:attachment":[{"href":"https:\/\/nanexa.com\/sv\/wp-json\/wp\/v2\/media?parent=2120"}],"curies":[{"name":"wp","href":"https:\/\/api.w.org\/{rel}","templated":true}]}}