{"id":2403,"date":"2020-05-12T09:00:15","date_gmt":"2020-05-12T07:00:15","guid":{"rendered":"https:\/\/www.nanexa.com\/?page_id=2403"},"modified":"2022-05-24T09:31:51","modified_gmt":"2022-05-24T07:31:51","slug":"revisor","status":"publish","type":"page","link":"https:\/\/nanexa.com\/sv\/revisor\/","title":{"rendered":"Revisor"},"content":{"rendered":"<p>Revisorn ska granska bolagets \u00e5rsredovisning och r\u00e4kenskaper samt styrelsens och den verkst\u00e4llande direkt\u00f6rens f\u00f6rvaltning. Efter varje r\u00e4kenskaps\u00e5r ska revisorn l\u00e4mna en revisionsber\u00e4ttelse till \u00e5rsst\u00e4mman. Enligt bolagets bolagsordning ska bolaget ha en eller tv\u00e5 revisorer med eller utan revisorssuppleanter.<\/p>\n<p>Bolagets revisor \u00e4r \u00d6hrlings PricewaterhouseCoopers AB, med Niclas Bergenmo som huvudansvarig revisor.<\/p>\n","protected":false},"excerpt":{"rendered":"<p>Revisorn ska granska bolagets \u00e5rsredovisning och r\u00e4kenskaper samt styrelsens och den verkst\u00e4llande direkt\u00f6rens f\u00f6rvaltning. Efter varje r\u00e4kenskaps\u00e5r ska revisorn l\u00e4mna en revisionsber\u00e4ttelse till \u00e5rsst\u00e4mman. Enligt bolagets bolagsordning ska bolaget ha en eller tv\u00e5 revisorer med eller utan revisorssuppleanter.<\/p>\n<p><a class=\"read-more\" href=\"https:\/\/nanexa.com\/sv\/revisor\/\">L\u00e4s mer<\/a><\/p>\n","protected":false},"author":1,"featured_media":2381,"parent":0,"menu_order":0,"comment_status":"closed","ping_status":"open","template":"template.investerare.php","meta":{"_acf_changed":false,"footnotes":""},"class_list":["post-2403","page","type-page","status-publish","has-post-thumbnail","hentry"],"acf":[],"yoast_head":"<!-- This site is optimized with the Yoast SEO plugin v27.5 - https:\/\/yoast.com\/product\/yoast-seo-wordpress\/ -->\n<title>Revisor - Nanexa AB<\/title>\n<meta name=\"robots\" content=\"index, follow, max-snippet:-1, max-image-preview:large, max-video-preview:-1\" \/>\n<link rel=\"canonical\" href=\"https:\/\/nanexa.com\/revisor\/\" \/>\n<meta property=\"og:locale\" content=\"sv_SE\" \/>\n<meta property=\"og:type\" content=\"article\" \/>\n<meta property=\"og:title\" content=\"Revisor - Nanexa AB\" \/>\n<meta property=\"og:description\" content=\"Revisorn ska granska bolagets \u00e5rsredovisning och r\u00e4kenskaper samt styrelsens och den verkst\u00e4llande direkt\u00f6rens f\u00f6rvaltning. Efter varje r\u00e4kenskaps\u00e5r ska revisorn l\u00e4mna en revisionsber\u00e4ttelse till \u00e5rsst\u00e4mman. Enligt bolagets bolagsordning ska bolaget ha en eller tv\u00e5 revisorer med eller utan revisorssuppleanter.L\u00e4s mer\" \/>\n<meta property=\"og:url\" content=\"https:\/\/nanexa.com\/revisor\/\" \/>\n<meta property=\"og:site_name\" content=\"Nanexa AB\" \/>\n<meta property=\"article:modified_time\" content=\"2022-05-24T07:31:51+00:00\" \/>\n<meta property=\"og:image\" content=\"https:\/\/nanexa.com\/wp-content\/uploads\/2020\/05\/aktien.jpg\" \/>\n\t<meta property=\"og:image:width\" content=\"1240\" \/>\n\t<meta property=\"og:image:height\" content=\"400\" \/>\n\t<meta property=\"og:image:type\" content=\"image\/jpeg\" \/>\n<meta name=\"twitter:card\" content=\"summary_large_image\" \/>\n<script type=\"application\/ld+json\" class=\"yoast-schema-graph\">{\"@context\":\"https:\\\/\\\/schema.org\",\"@graph\":[{\"@type\":\"WebPage\",\"@id\":\"https:\\\/\\\/nanexa.com\\\/revisor\\\/\",\"url\":\"https:\\\/\\\/nanexa.com\\\/revisor\\\/\",\"name\":\"Revisor - Nanexa AB\",\"isPartOf\":{\"@id\":\"https:\\\/\\\/nanexa.com\\\/#website\"},\"primaryImageOfPage\":{\"@id\":\"https:\\\/\\\/nanexa.com\\\/revisor\\\/#primaryimage\"},\"image\":{\"@id\":\"https:\\\/\\\/nanexa.com\\\/revisor\\\/#primaryimage\"},\"thumbnailUrl\":\"https:\\\/\\\/nanexa.com\\\/wp-content\\\/uploads\\\/2020\\\/05\\\/aktien.jpg\",\"datePublished\":\"2020-05-12T07:00:15+00:00\",\"dateModified\":\"2022-05-24T07:31:51+00:00\",\"breadcrumb\":{\"@id\":\"https:\\\/\\\/nanexa.com\\\/revisor\\\/#breadcrumb\"},\"inLanguage\":\"sv-SE\",\"potentialAction\":[{\"@type\":\"ReadAction\",\"target\":[\"https:\\\/\\\/nanexa.com\\\/revisor\\\/\"]}]},{\"@type\":\"ImageObject\",\"inLanguage\":\"sv-SE\",\"@id\":\"https:\\\/\\\/nanexa.com\\\/revisor\\\/#primaryimage\",\"url\":\"https:\\\/\\\/nanexa.com\\\/wp-content\\\/uploads\\\/2020\\\/05\\\/aktien.jpg\",\"contentUrl\":\"https:\\\/\\\/nanexa.com\\\/wp-content\\\/uploads\\\/2020\\\/05\\\/aktien.jpg\",\"width\":1240,\"height\":400},{\"@type\":\"BreadcrumbList\",\"@id\":\"https:\\\/\\\/nanexa.com\\\/revisor\\\/#breadcrumb\",\"itemListElement\":[{\"@type\":\"ListItem\",\"position\":1,\"name\":\"Hem\",\"item\":\"https:\\\/\\\/nanexa.com\\\/sv\\\/\"},{\"@type\":\"ListItem\",\"position\":2,\"name\":\"Revisor\"}]},{\"@type\":\"WebSite\",\"@id\":\"https:\\\/\\\/nanexa.com\\\/#website\",\"url\":\"https:\\\/\\\/nanexa.com\\\/\",\"name\":\"Nanexa AB\",\"description\":\"\",\"publisher\":{\"@id\":\"https:\\\/\\\/nanexa.com\\\/#organization\"},\"potentialAction\":[{\"@type\":\"SearchAction\",\"target\":{\"@type\":\"EntryPoint\",\"urlTemplate\":\"https:\\\/\\\/nanexa.com\\\/?s={search_term_string}\"},\"query-input\":{\"@type\":\"PropertyValueSpecification\",\"valueRequired\":true,\"valueName\":\"search_term_string\"}}],\"inLanguage\":\"sv-SE\"},{\"@type\":\"Organization\",\"@id\":\"https:\\\/\\\/nanexa.com\\\/#organization\",\"name\":\"Nanexa AB\",\"url\":\"https:\\\/\\\/nanexa.com\\\/\",\"logo\":{\"@type\":\"ImageObject\",\"inLanguage\":\"sv-SE\",\"@id\":\"https:\\\/\\\/nanexa.com\\\/#\\\/schema\\\/logo\\\/image\\\/\",\"url\":\"https:\\\/\\\/nanexa.com\\\/wp-content\\\/uploads\\\/2015\\\/04\\\/nanexa-logo.png\",\"contentUrl\":\"https:\\\/\\\/nanexa.com\\\/wp-content\\\/uploads\\\/2015\\\/04\\\/nanexa-logo.png\",\"width\":165,\"height\":50,\"caption\":\"Nanexa AB\"},\"image\":{\"@id\":\"https:\\\/\\\/nanexa.com\\\/#\\\/schema\\\/logo\\\/image\\\/\"}}]}<\/script>\n<!-- \/ Yoast SEO plugin. -->","yoast_head_json":{"title":"Revisor - Nanexa AB","robots":{"index":"index","follow":"follow","max-snippet":"max-snippet:-1","max-image-preview":"max-image-preview:large","max-video-preview":"max-video-preview:-1"},"canonical":"https:\/\/nanexa.com\/revisor\/","og_locale":"sv_SE","og_type":"article","og_title":"Revisor - Nanexa AB","og_description":"Revisorn ska granska bolagets \u00e5rsredovisning och r\u00e4kenskaper samt styrelsens och den verkst\u00e4llande direkt\u00f6rens f\u00f6rvaltning. Efter varje r\u00e4kenskaps\u00e5r ska revisorn l\u00e4mna en revisionsber\u00e4ttelse till \u00e5rsst\u00e4mman. Enligt bolagets bolagsordning ska bolaget ha en eller tv\u00e5 revisorer med eller utan revisorssuppleanter.L\u00e4s mer","og_url":"https:\/\/nanexa.com\/revisor\/","og_site_name":"Nanexa AB","article_modified_time":"2022-05-24T07:31:51+00:00","og_image":[{"width":1240,"height":400,"url":"https:\/\/nanexa.com\/wp-content\/uploads\/2020\/05\/aktien.jpg","type":"image\/jpeg"}],"twitter_card":"summary_large_image","schema":{"@context":"https:\/\/schema.org","@graph":[{"@type":"WebPage","@id":"https:\/\/nanexa.com\/revisor\/","url":"https:\/\/nanexa.com\/revisor\/","name":"Revisor - Nanexa AB","isPartOf":{"@id":"https:\/\/nanexa.com\/#website"},"primaryImageOfPage":{"@id":"https:\/\/nanexa.com\/revisor\/#primaryimage"},"image":{"@id":"https:\/\/nanexa.com\/revisor\/#primaryimage"},"thumbnailUrl":"https:\/\/nanexa.com\/wp-content\/uploads\/2020\/05\/aktien.jpg","datePublished":"2020-05-12T07:00:15+00:00","dateModified":"2022-05-24T07:31:51+00:00","breadcrumb":{"@id":"https:\/\/nanexa.com\/revisor\/#breadcrumb"},"inLanguage":"sv-SE","potentialAction":[{"@type":"ReadAction","target":["https:\/\/nanexa.com\/revisor\/"]}]},{"@type":"ImageObject","inLanguage":"sv-SE","@id":"https:\/\/nanexa.com\/revisor\/#primaryimage","url":"https:\/\/nanexa.com\/wp-content\/uploads\/2020\/05\/aktien.jpg","contentUrl":"https:\/\/nanexa.com\/wp-content\/uploads\/2020\/05\/aktien.jpg","width":1240,"height":400},{"@type":"BreadcrumbList","@id":"https:\/\/nanexa.com\/revisor\/#breadcrumb","itemListElement":[{"@type":"ListItem","position":1,"name":"Hem","item":"https:\/\/nanexa.com\/sv\/"},{"@type":"ListItem","position":2,"name":"Revisor"}]},{"@type":"WebSite","@id":"https:\/\/nanexa.com\/#website","url":"https:\/\/nanexa.com\/","name":"Nanexa AB","description":"","publisher":{"@id":"https:\/\/nanexa.com\/#organization"},"potentialAction":[{"@type":"SearchAction","target":{"@type":"EntryPoint","urlTemplate":"https:\/\/nanexa.com\/?s={search_term_string}"},"query-input":{"@type":"PropertyValueSpecification","valueRequired":true,"valueName":"search_term_string"}}],"inLanguage":"sv-SE"},{"@type":"Organization","@id":"https:\/\/nanexa.com\/#organization","name":"Nanexa AB","url":"https:\/\/nanexa.com\/","logo":{"@type":"ImageObject","inLanguage":"sv-SE","@id":"https:\/\/nanexa.com\/#\/schema\/logo\/image\/","url":"https:\/\/nanexa.com\/wp-content\/uploads\/2015\/04\/nanexa-logo.png","contentUrl":"https:\/\/nanexa.com\/wp-content\/uploads\/2015\/04\/nanexa-logo.png","width":165,"height":50,"caption":"Nanexa AB"},"image":{"@id":"https:\/\/nanexa.com\/#\/schema\/logo\/image\/"}}]}},"_links":{"self":[{"href":"https:\/\/nanexa.com\/sv\/wp-json\/wp\/v2\/pages\/2403","targetHints":{"allow":["GET"]}}],"collection":[{"href":"https:\/\/nanexa.com\/sv\/wp-json\/wp\/v2\/pages"}],"about":[{"href":"https:\/\/nanexa.com\/sv\/wp-json\/wp\/v2\/types\/page"}],"author":[{"embeddable":true,"href":"https:\/\/nanexa.com\/sv\/wp-json\/wp\/v2\/users\/1"}],"replies":[{"embeddable":true,"href":"https:\/\/nanexa.com\/sv\/wp-json\/wp\/v2\/comments?post=2403"}],"version-history":[{"count":5,"href":"https:\/\/nanexa.com\/sv\/wp-json\/wp\/v2\/pages\/2403\/revisions"}],"predecessor-version":[{"id":6417,"href":"https:\/\/nanexa.com\/sv\/wp-json\/wp\/v2\/pages\/2403\/revisions\/6417"}],"wp:featuredmedia":[{"embeddable":true,"href":"https:\/\/nanexa.com\/sv\/wp-json\/wp\/v2\/media\/2381"}],"wp:attachment":[{"href":"https:\/\/nanexa.com\/sv\/wp-json\/wp\/v2\/media?parent=2403"}],"curies":[{"name":"wp","href":"https:\/\/api.w.org\/{rel}","templated":true}]}}