{"id":861,"date":"2017-10-09T21:18:33","date_gmt":"2017-10-09T19:18:33","guid":{"rendered":"http:\/\/www.nilssonochljung.se\/nanexa\/?page_id=861"},"modified":"2020-06-23T17:30:21","modified_gmt":"2020-06-23T15:30:21","slug":"affarsmodell","status":"publish","type":"page","link":"https:\/\/nanexa.com\/sv\/affarsmodell\/","title":{"rendered":"Aff\u00e4rsmodell"},"content":{"rendered":"<p>Nanexas aff\u00e4rsmodell bygger p\u00e5 att utveckla bolagets teknikplattform PharmaShell\u00ae inom omr\u00e5det drug delivery samt att driva produktprojekt baserade p\u00e5 f\u00f6retagets teknologi och att d\u00e4refter utlicensiera r\u00e4ttigheten att anv\u00e4nda teknologin inom specificerade omr\u00e5den. Dessa omr\u00e5den kan definieras till specifika l\u00e4kemedelssubstanser eller grupper av substanser, indikationsomr\u00e5den och\/eller geografiska omr\u00e5den.<\/p>\n<p>Aff\u00e4rsmodellen bygger p\u00e5 att i avtal med l\u00e4kemedelsbolag erh\u00e5lla ers\u00e4ttning i form av \u201ddown payments\u201d, betalning vid uppn\u00e5dda milsstolpar samt royalty p\u00e5 s\u00e5lda varor.<\/p>\n<p>Nanexa utlicensierar sj\u00e4lva PharmShell\u00ae-teknologin f\u00f6r de fall ett l\u00e4kemedelsbolag \u00f6nskar utveckla en egen l\u00e4kemedelsprodukt, alternativt sker utlicensiering av en l\u00e4kemedelsprodukt i de fall Nanexa utvecklar en egen produktkandidat baserat p\u00e5 PharmaShell\u00ae-teknologin tillsammans med en specifik l\u00e4kemedelssubstans.<\/p>\n","protected":false},"excerpt":{"rendered":"<p>Nanexas aff\u00e4rsmodell bygger p\u00e5 att utveckla bolagets teknikplattform PharmaShell\u00ae inom omr\u00e5det drug delivery samt att driva produktprojekt baserade p\u00e5 f\u00f6retagets teknologi och att d\u00e4refter utlicensiera r\u00e4ttigheten att anv\u00e4nda teknologin inom specificerade omr\u00e5den.<\/p>\n<p><a class=\"read-more\" href=\"https:\/\/nanexa.com\/sv\/affarsmodell\/\">L\u00e4s mer<\/a><\/p>\n","protected":false},"author":1,"featured_media":973,"parent":0,"menu_order":0,"comment_status":"closed","ping_status":"open","template":"template.about.php","meta":{"_acf_changed":false,"footnotes":""},"class_list":["post-861","page","type-page","status-publish","has-post-thumbnail","hentry"],"acf":[],"yoast_head":"<!-- This site is optimized with the Yoast SEO plugin v27.6 - https:\/\/yoast.com\/product\/yoast-seo-wordpress\/ -->\n<title>Aff\u00e4rsmodell - Nanexa AB<\/title>\n<meta name=\"robots\" content=\"index, follow, max-snippet:-1, max-image-preview:large, max-video-preview:-1\" \/>\n<link rel=\"canonical\" href=\"https:\/\/nanexa.com\/affarsmodell\/\" \/>\n<meta property=\"og:locale\" content=\"sv_SE\" \/>\n<meta property=\"og:type\" content=\"article\" \/>\n<meta property=\"og:title\" content=\"Aff\u00e4rsmodell - Nanexa AB\" \/>\n<meta property=\"og:description\" content=\"Nanexas aff\u00e4rsmodell bygger p\u00e5 att utveckla bolagets teknikplattform PharmaShell\u00ae inom omr\u00e5det drug delivery samt att driva produktprojekt baserade p\u00e5 f\u00f6retagets teknologi och att d\u00e4refter utlicensiera r\u00e4ttigheten att anv\u00e4nda teknologin inom specificerade omr\u00e5den.L\u00e4s mer\" \/>\n<meta property=\"og:url\" content=\"https:\/\/nanexa.com\/affarsmodell\/\" \/>\n<meta property=\"og:site_name\" content=\"Nanexa AB\" \/>\n<meta property=\"article:modified_time\" content=\"2020-06-23T15:30:21+00:00\" \/>\n<meta property=\"og:image\" content=\"https:\/\/nanexa.com\/wp-content\/uploads\/2017\/10\/affarsmodell1.jpg\" \/>\n\t<meta property=\"og:image:width\" content=\"1000\" \/>\n\t<meta property=\"og:image:height\" content=\"333\" \/>\n\t<meta property=\"og:image:type\" content=\"image\/jpeg\" \/>\n<meta name=\"twitter:card\" content=\"summary_large_image\" \/>\n<meta name=\"twitter:label1\" content=\"Ber\u00e4knad l\u00e4stid\" \/>\n\t<meta name=\"twitter:data1\" content=\"1 minut\" \/>\n<script type=\"application\/ld+json\" class=\"yoast-schema-graph\">{\"@context\":\"https:\\\/\\\/schema.org\",\"@graph\":[{\"@type\":\"WebPage\",\"@id\":\"https:\\\/\\\/nanexa.com\\\/affarsmodell\\\/\",\"url\":\"https:\\\/\\\/nanexa.com\\\/affarsmodell\\\/\",\"name\":\"Aff\u00e4rsmodell - Nanexa AB\",\"isPartOf\":{\"@id\":\"https:\\\/\\\/nanexa.com\\\/#website\"},\"primaryImageOfPage\":{\"@id\":\"https:\\\/\\\/nanexa.com\\\/affarsmodell\\\/#primaryimage\"},\"image\":{\"@id\":\"https:\\\/\\\/nanexa.com\\\/affarsmodell\\\/#primaryimage\"},\"thumbnailUrl\":\"https:\\\/\\\/nanexa.com\\\/wp-content\\\/uploads\\\/2017\\\/10\\\/affarsmodell1.jpg\",\"datePublished\":\"2017-10-09T19:18:33+00:00\",\"dateModified\":\"2020-06-23T15:30:21+00:00\",\"breadcrumb\":{\"@id\":\"https:\\\/\\\/nanexa.com\\\/affarsmodell\\\/#breadcrumb\"},\"inLanguage\":\"sv-SE\",\"potentialAction\":[{\"@type\":\"ReadAction\",\"target\":[\"https:\\\/\\\/nanexa.com\\\/affarsmodell\\\/\"]}]},{\"@type\":\"ImageObject\",\"inLanguage\":\"sv-SE\",\"@id\":\"https:\\\/\\\/nanexa.com\\\/affarsmodell\\\/#primaryimage\",\"url\":\"https:\\\/\\\/nanexa.com\\\/wp-content\\\/uploads\\\/2017\\\/10\\\/affarsmodell1.jpg\",\"contentUrl\":\"https:\\\/\\\/nanexa.com\\\/wp-content\\\/uploads\\\/2017\\\/10\\\/affarsmodell1.jpg\",\"width\":1000,\"height\":333},{\"@type\":\"BreadcrumbList\",\"@id\":\"https:\\\/\\\/nanexa.com\\\/affarsmodell\\\/#breadcrumb\",\"itemListElement\":[{\"@type\":\"ListItem\",\"position\":1,\"name\":\"Hem\",\"item\":\"https:\\\/\\\/nanexa.com\\\/sv\\\/\"},{\"@type\":\"ListItem\",\"position\":2,\"name\":\"Aff\u00e4rsmodell\"}]},{\"@type\":\"WebSite\",\"@id\":\"https:\\\/\\\/nanexa.com\\\/#website\",\"url\":\"https:\\\/\\\/nanexa.com\\\/\",\"name\":\"Nanexa AB\",\"description\":\"\",\"publisher\":{\"@id\":\"https:\\\/\\\/nanexa.com\\\/#organization\"},\"potentialAction\":[{\"@type\":\"SearchAction\",\"target\":{\"@type\":\"EntryPoint\",\"urlTemplate\":\"https:\\\/\\\/nanexa.com\\\/?s={search_term_string}\"},\"query-input\":{\"@type\":\"PropertyValueSpecification\",\"valueRequired\":true,\"valueName\":\"search_term_string\"}}],\"inLanguage\":\"sv-SE\"},{\"@type\":\"Organization\",\"@id\":\"https:\\\/\\\/nanexa.com\\\/#organization\",\"name\":\"Nanexa AB\",\"url\":\"https:\\\/\\\/nanexa.com\\\/\",\"logo\":{\"@type\":\"ImageObject\",\"inLanguage\":\"sv-SE\",\"@id\":\"https:\\\/\\\/nanexa.com\\\/#\\\/schema\\\/logo\\\/image\\\/\",\"url\":\"https:\\\/\\\/nanexa.com\\\/wp-content\\\/uploads\\\/2015\\\/04\\\/nanexa-logo.png\",\"contentUrl\":\"https:\\\/\\\/nanexa.com\\\/wp-content\\\/uploads\\\/2015\\\/04\\\/nanexa-logo.png\",\"width\":165,\"height\":50,\"caption\":\"Nanexa AB\"},\"image\":{\"@id\":\"https:\\\/\\\/nanexa.com\\\/#\\\/schema\\\/logo\\\/image\\\/\"}}]}<\/script>\n<!-- \/ Yoast SEO plugin. -->","yoast_head_json":{"title":"Aff\u00e4rsmodell - Nanexa AB","robots":{"index":"index","follow":"follow","max-snippet":"max-snippet:-1","max-image-preview":"max-image-preview:large","max-video-preview":"max-video-preview:-1"},"canonical":"https:\/\/nanexa.com\/affarsmodell\/","og_locale":"sv_SE","og_type":"article","og_title":"Aff\u00e4rsmodell - Nanexa AB","og_description":"Nanexas aff\u00e4rsmodell bygger p\u00e5 att utveckla bolagets teknikplattform PharmaShell\u00ae inom omr\u00e5det drug delivery samt att driva produktprojekt baserade p\u00e5 f\u00f6retagets teknologi och att d\u00e4refter utlicensiera r\u00e4ttigheten att anv\u00e4nda teknologin inom specificerade omr\u00e5den.L\u00e4s mer","og_url":"https:\/\/nanexa.com\/affarsmodell\/","og_site_name":"Nanexa AB","article_modified_time":"2020-06-23T15:30:21+00:00","og_image":[{"width":1000,"height":333,"url":"https:\/\/nanexa.com\/wp-content\/uploads\/2017\/10\/affarsmodell1.jpg","type":"image\/jpeg"}],"twitter_card":"summary_large_image","twitter_misc":{"Ber\u00e4knad l\u00e4stid":"1 minut"},"schema":{"@context":"https:\/\/schema.org","@graph":[{"@type":"WebPage","@id":"https:\/\/nanexa.com\/affarsmodell\/","url":"https:\/\/nanexa.com\/affarsmodell\/","name":"Aff\u00e4rsmodell - Nanexa AB","isPartOf":{"@id":"https:\/\/nanexa.com\/#website"},"primaryImageOfPage":{"@id":"https:\/\/nanexa.com\/affarsmodell\/#primaryimage"},"image":{"@id":"https:\/\/nanexa.com\/affarsmodell\/#primaryimage"},"thumbnailUrl":"https:\/\/nanexa.com\/wp-content\/uploads\/2017\/10\/affarsmodell1.jpg","datePublished":"2017-10-09T19:18:33+00:00","dateModified":"2020-06-23T15:30:21+00:00","breadcrumb":{"@id":"https:\/\/nanexa.com\/affarsmodell\/#breadcrumb"},"inLanguage":"sv-SE","potentialAction":[{"@type":"ReadAction","target":["https:\/\/nanexa.com\/affarsmodell\/"]}]},{"@type":"ImageObject","inLanguage":"sv-SE","@id":"https:\/\/nanexa.com\/affarsmodell\/#primaryimage","url":"https:\/\/nanexa.com\/wp-content\/uploads\/2017\/10\/affarsmodell1.jpg","contentUrl":"https:\/\/nanexa.com\/wp-content\/uploads\/2017\/10\/affarsmodell1.jpg","width":1000,"height":333},{"@type":"BreadcrumbList","@id":"https:\/\/nanexa.com\/affarsmodell\/#breadcrumb","itemListElement":[{"@type":"ListItem","position":1,"name":"Hem","item":"https:\/\/nanexa.com\/sv\/"},{"@type":"ListItem","position":2,"name":"Aff\u00e4rsmodell"}]},{"@type":"WebSite","@id":"https:\/\/nanexa.com\/#website","url":"https:\/\/nanexa.com\/","name":"Nanexa AB","description":"","publisher":{"@id":"https:\/\/nanexa.com\/#organization"},"potentialAction":[{"@type":"SearchAction","target":{"@type":"EntryPoint","urlTemplate":"https:\/\/nanexa.com\/?s={search_term_string}"},"query-input":{"@type":"PropertyValueSpecification","valueRequired":true,"valueName":"search_term_string"}}],"inLanguage":"sv-SE"},{"@type":"Organization","@id":"https:\/\/nanexa.com\/#organization","name":"Nanexa AB","url":"https:\/\/nanexa.com\/","logo":{"@type":"ImageObject","inLanguage":"sv-SE","@id":"https:\/\/nanexa.com\/#\/schema\/logo\/image\/","url":"https:\/\/nanexa.com\/wp-content\/uploads\/2015\/04\/nanexa-logo.png","contentUrl":"https:\/\/nanexa.com\/wp-content\/uploads\/2015\/04\/nanexa-logo.png","width":165,"height":50,"caption":"Nanexa AB"},"image":{"@id":"https:\/\/nanexa.com\/#\/schema\/logo\/image\/"}}]}},"_links":{"self":[{"href":"https:\/\/nanexa.com\/sv\/wp-json\/wp\/v2\/pages\/861","targetHints":{"allow":["GET"]}}],"collection":[{"href":"https:\/\/nanexa.com\/sv\/wp-json\/wp\/v2\/pages"}],"about":[{"href":"https:\/\/nanexa.com\/sv\/wp-json\/wp\/v2\/types\/page"}],"author":[{"embeddable":true,"href":"https:\/\/nanexa.com\/sv\/wp-json\/wp\/v2\/users\/1"}],"replies":[{"embeddable":true,"href":"https:\/\/nanexa.com\/sv\/wp-json\/wp\/v2\/comments?post=861"}],"version-history":[{"count":4,"href":"https:\/\/nanexa.com\/sv\/wp-json\/wp\/v2\/pages\/861\/revisions"}],"predecessor-version":[{"id":1214,"href":"https:\/\/nanexa.com\/sv\/wp-json\/wp\/v2\/pages\/861\/revisions\/1214"}],"wp:featuredmedia":[{"embeddable":true,"href":"https:\/\/nanexa.com\/sv\/wp-json\/wp\/v2\/media\/973"}],"wp:attachment":[{"href":"https:\/\/nanexa.com\/sv\/wp-json\/wp\/v2\/media?parent=861"}],"curies":[{"name":"wp","href":"https:\/\/api.w.org\/{rel}","templated":true}]}}