{"id":905,"date":"2017-10-16T17:18:35","date_gmt":"2017-10-16T15:18:35","guid":{"rendered":"http:\/\/www.nilssonochljung.se\/nanexa\/?page_id=905"},"modified":"2020-06-23T18:13:14","modified_gmt":"2020-06-23T16:13:14","slug":"kvalitetspolicy","status":"publish","type":"page","link":"https:\/\/nanexa.com\/sv\/kvalitetspolicy\/","title":{"rendered":"Kvalitetspolicy"},"content":{"rendered":"<p>Nanexa utvecklar innovativa drug delivery-system baserade p\u00e5 f\u00f6retagets k\u00e4rnkompetens inom oorganisk ytmodifiering med syfte att skapa effektiva l\u00f6sningar p\u00e5 viktiga medicinska problemst\u00e4llningar. Kvalitet efterstr\u00e4vas i varje del av utvecklingen och alla anst\u00e4llda ska k\u00e4nna ett gemensamt ansvar f\u00f6r att f\u00f6retaget ska n\u00e5 sina och f\u00f6retagets alla samarbetspartners m\u00e5l.\u00a0Med ett v\u00e4l genomarbetat kvalitetssystem \u00e4r m\u00e5let att uppfylla de krav som st\u00e4lls fr\u00e5n myndigheter, s\u00e5v\u00e4l nationella som internationella. F\u00f6retaget bygger in kvalitet fr\u00e5n start i alla processer genom att kontinuerligt f\u00f6lja upp resultat och att arbeta med processernas st\u00e4ndiga f\u00f6rb\u00e4ttringar. M\u00e5lbilden \u00e4r att Nanexa ska vara med och f\u00f6rb\u00e4ttra dagens l\u00e4kemedelsbehandling inom flera olika indikationsomr\u00e5den.<\/p>\n","protected":false},"excerpt":{"rendered":"<p>Nanexa utvecklar innovativa drug delivery-system baserade p\u00e5 f\u00f6retagets k\u00e4rnkompetens inom oorganisk ytmodifiering med syfte att skapa effektiva l\u00f6sningar p\u00e5 viktiga medicinska problemst\u00e4llningar. Kvalitet efterstr\u00e4vas i varje del av utvecklingen och alla anst\u00e4llda ska k\u00e4nna ett gemensamt ansvar f\u00f6r att f\u00f6retaget ska n\u00e5 sina och f\u00f6retagets alla samarbetspartners m\u00e5l.\u00a0<\/p>\n<p><a class=\"read-more\" href=\"https:\/\/nanexa.com\/sv\/kvalitetspolicy\/\">L\u00e4s mer<\/a><\/p>\n","protected":false},"author":1,"featured_media":3474,"parent":0,"menu_order":0,"comment_status":"closed","ping_status":"open","template":"template.about.php","meta":{"_acf_changed":false,"footnotes":""},"class_list":["post-905","page","type-page","status-publish","has-post-thumbnail","hentry"],"acf":[],"yoast_head":"<!-- This site is optimized with the Yoast SEO plugin v27.6 - https:\/\/yoast.com\/product\/yoast-seo-wordpress\/ -->\n<title>Kvalitetspolicy - Nanexa AB<\/title>\n<meta name=\"robots\" content=\"index, follow, max-snippet:-1, max-image-preview:large, max-video-preview:-1\" \/>\n<link rel=\"canonical\" href=\"https:\/\/nanexa.com\/kvalitetspolicy\/\" \/>\n<meta property=\"og:locale\" content=\"sv_SE\" \/>\n<meta property=\"og:type\" content=\"article\" \/>\n<meta property=\"og:title\" content=\"Kvalitetspolicy - Nanexa AB\" \/>\n<meta property=\"og:description\" content=\"Nanexa utvecklar innovativa drug delivery-system baserade p\u00e5 f\u00f6retagets k\u00e4rnkompetens inom oorganisk ytmodifiering med syfte att skapa effektiva l\u00f6sningar p\u00e5 viktiga medicinska problemst\u00e4llningar. Kvalitet efterstr\u00e4vas i varje del av utvecklingen och alla anst\u00e4llda ska k\u00e4nna ett gemensamt ansvar f\u00f6r att f\u00f6retaget ska n\u00e5 sina och f\u00f6retagets alla samarbetspartners m\u00e5l.\u00a0L\u00e4s mer\" \/>\n<meta property=\"og:url\" content=\"https:\/\/nanexa.com\/kvalitetspolicy\/\" \/>\n<meta property=\"og:site_name\" content=\"Nanexa AB\" \/>\n<meta property=\"article:modified_time\" content=\"2020-06-23T16:13:14+00:00\" \/>\n<meta property=\"og:image\" content=\"https:\/\/nanexa.com\/wp-content\/uploads\/2020\/06\/about.jpg\" \/>\n\t<meta property=\"og:image:width\" content=\"1240\" \/>\n\t<meta property=\"og:image:height\" content=\"400\" \/>\n\t<meta property=\"og:image:type\" content=\"image\/jpeg\" \/>\n<meta name=\"twitter:card\" content=\"summary_large_image\" \/>\n<meta name=\"twitter:label1\" content=\"Ber\u00e4knad l\u00e4stid\" \/>\n\t<meta name=\"twitter:data1\" content=\"1 minut\" \/>\n<script type=\"application\/ld+json\" class=\"yoast-schema-graph\">{\"@context\":\"https:\\\/\\\/schema.org\",\"@graph\":[{\"@type\":\"WebPage\",\"@id\":\"https:\\\/\\\/nanexa.com\\\/kvalitetspolicy\\\/\",\"url\":\"https:\\\/\\\/nanexa.com\\\/kvalitetspolicy\\\/\",\"name\":\"Kvalitetspolicy - Nanexa AB\",\"isPartOf\":{\"@id\":\"https:\\\/\\\/nanexa.com\\\/#website\"},\"primaryImageOfPage\":{\"@id\":\"https:\\\/\\\/nanexa.com\\\/kvalitetspolicy\\\/#primaryimage\"},\"image\":{\"@id\":\"https:\\\/\\\/nanexa.com\\\/kvalitetspolicy\\\/#primaryimage\"},\"thumbnailUrl\":\"https:\\\/\\\/nanexa.com\\\/wp-content\\\/uploads\\\/2020\\\/06\\\/about.jpg\",\"datePublished\":\"2017-10-16T15:18:35+00:00\",\"dateModified\":\"2020-06-23T16:13:14+00:00\",\"breadcrumb\":{\"@id\":\"https:\\\/\\\/nanexa.com\\\/kvalitetspolicy\\\/#breadcrumb\"},\"inLanguage\":\"sv-SE\",\"potentialAction\":[{\"@type\":\"ReadAction\",\"target\":[\"https:\\\/\\\/nanexa.com\\\/kvalitetspolicy\\\/\"]}]},{\"@type\":\"ImageObject\",\"inLanguage\":\"sv-SE\",\"@id\":\"https:\\\/\\\/nanexa.com\\\/kvalitetspolicy\\\/#primaryimage\",\"url\":\"https:\\\/\\\/nanexa.com\\\/wp-content\\\/uploads\\\/2020\\\/06\\\/about.jpg\",\"contentUrl\":\"https:\\\/\\\/nanexa.com\\\/wp-content\\\/uploads\\\/2020\\\/06\\\/about.jpg\",\"width\":1240,\"height\":400},{\"@type\":\"BreadcrumbList\",\"@id\":\"https:\\\/\\\/nanexa.com\\\/kvalitetspolicy\\\/#breadcrumb\",\"itemListElement\":[{\"@type\":\"ListItem\",\"position\":1,\"name\":\"Hem\",\"item\":\"https:\\\/\\\/nanexa.com\\\/sv\\\/\"},{\"@type\":\"ListItem\",\"position\":2,\"name\":\"Kvalitetspolicy\"}]},{\"@type\":\"WebSite\",\"@id\":\"https:\\\/\\\/nanexa.com\\\/#website\",\"url\":\"https:\\\/\\\/nanexa.com\\\/\",\"name\":\"Nanexa AB\",\"description\":\"\",\"publisher\":{\"@id\":\"https:\\\/\\\/nanexa.com\\\/#organization\"},\"potentialAction\":[{\"@type\":\"SearchAction\",\"target\":{\"@type\":\"EntryPoint\",\"urlTemplate\":\"https:\\\/\\\/nanexa.com\\\/?s={search_term_string}\"},\"query-input\":{\"@type\":\"PropertyValueSpecification\",\"valueRequired\":true,\"valueName\":\"search_term_string\"}}],\"inLanguage\":\"sv-SE\"},{\"@type\":\"Organization\",\"@id\":\"https:\\\/\\\/nanexa.com\\\/#organization\",\"name\":\"Nanexa AB\",\"url\":\"https:\\\/\\\/nanexa.com\\\/\",\"logo\":{\"@type\":\"ImageObject\",\"inLanguage\":\"sv-SE\",\"@id\":\"https:\\\/\\\/nanexa.com\\\/#\\\/schema\\\/logo\\\/image\\\/\",\"url\":\"https:\\\/\\\/nanexa.com\\\/wp-content\\\/uploads\\\/2015\\\/04\\\/nanexa-logo.png\",\"contentUrl\":\"https:\\\/\\\/nanexa.com\\\/wp-content\\\/uploads\\\/2015\\\/04\\\/nanexa-logo.png\",\"width\":165,\"height\":50,\"caption\":\"Nanexa AB\"},\"image\":{\"@id\":\"https:\\\/\\\/nanexa.com\\\/#\\\/schema\\\/logo\\\/image\\\/\"}}]}<\/script>\n<!-- \/ Yoast SEO plugin. -->","yoast_head_json":{"title":"Kvalitetspolicy - Nanexa AB","robots":{"index":"index","follow":"follow","max-snippet":"max-snippet:-1","max-image-preview":"max-image-preview:large","max-video-preview":"max-video-preview:-1"},"canonical":"https:\/\/nanexa.com\/kvalitetspolicy\/","og_locale":"sv_SE","og_type":"article","og_title":"Kvalitetspolicy - Nanexa AB","og_description":"Nanexa utvecklar innovativa drug delivery-system baserade p\u00e5 f\u00f6retagets k\u00e4rnkompetens inom oorganisk ytmodifiering med syfte att skapa effektiva l\u00f6sningar p\u00e5 viktiga medicinska problemst\u00e4llningar. Kvalitet efterstr\u00e4vas i varje del av utvecklingen och alla anst\u00e4llda ska k\u00e4nna ett gemensamt ansvar f\u00f6r att f\u00f6retaget ska n\u00e5 sina och f\u00f6retagets alla samarbetspartners m\u00e5l.\u00a0L\u00e4s mer","og_url":"https:\/\/nanexa.com\/kvalitetspolicy\/","og_site_name":"Nanexa AB","article_modified_time":"2020-06-23T16:13:14+00:00","og_image":[{"width":1240,"height":400,"url":"https:\/\/nanexa.com\/wp-content\/uploads\/2020\/06\/about.jpg","type":"image\/jpeg"}],"twitter_card":"summary_large_image","twitter_misc":{"Ber\u00e4knad l\u00e4stid":"1 minut"},"schema":{"@context":"https:\/\/schema.org","@graph":[{"@type":"WebPage","@id":"https:\/\/nanexa.com\/kvalitetspolicy\/","url":"https:\/\/nanexa.com\/kvalitetspolicy\/","name":"Kvalitetspolicy - Nanexa AB","isPartOf":{"@id":"https:\/\/nanexa.com\/#website"},"primaryImageOfPage":{"@id":"https:\/\/nanexa.com\/kvalitetspolicy\/#primaryimage"},"image":{"@id":"https:\/\/nanexa.com\/kvalitetspolicy\/#primaryimage"},"thumbnailUrl":"https:\/\/nanexa.com\/wp-content\/uploads\/2020\/06\/about.jpg","datePublished":"2017-10-16T15:18:35+00:00","dateModified":"2020-06-23T16:13:14+00:00","breadcrumb":{"@id":"https:\/\/nanexa.com\/kvalitetspolicy\/#breadcrumb"},"inLanguage":"sv-SE","potentialAction":[{"@type":"ReadAction","target":["https:\/\/nanexa.com\/kvalitetspolicy\/"]}]},{"@type":"ImageObject","inLanguage":"sv-SE","@id":"https:\/\/nanexa.com\/kvalitetspolicy\/#primaryimage","url":"https:\/\/nanexa.com\/wp-content\/uploads\/2020\/06\/about.jpg","contentUrl":"https:\/\/nanexa.com\/wp-content\/uploads\/2020\/06\/about.jpg","width":1240,"height":400},{"@type":"BreadcrumbList","@id":"https:\/\/nanexa.com\/kvalitetspolicy\/#breadcrumb","itemListElement":[{"@type":"ListItem","position":1,"name":"Hem","item":"https:\/\/nanexa.com\/sv\/"},{"@type":"ListItem","position":2,"name":"Kvalitetspolicy"}]},{"@type":"WebSite","@id":"https:\/\/nanexa.com\/#website","url":"https:\/\/nanexa.com\/","name":"Nanexa AB","description":"","publisher":{"@id":"https:\/\/nanexa.com\/#organization"},"potentialAction":[{"@type":"SearchAction","target":{"@type":"EntryPoint","urlTemplate":"https:\/\/nanexa.com\/?s={search_term_string}"},"query-input":{"@type":"PropertyValueSpecification","valueRequired":true,"valueName":"search_term_string"}}],"inLanguage":"sv-SE"},{"@type":"Organization","@id":"https:\/\/nanexa.com\/#organization","name":"Nanexa AB","url":"https:\/\/nanexa.com\/","logo":{"@type":"ImageObject","inLanguage":"sv-SE","@id":"https:\/\/nanexa.com\/#\/schema\/logo\/image\/","url":"https:\/\/nanexa.com\/wp-content\/uploads\/2015\/04\/nanexa-logo.png","contentUrl":"https:\/\/nanexa.com\/wp-content\/uploads\/2015\/04\/nanexa-logo.png","width":165,"height":50,"caption":"Nanexa AB"},"image":{"@id":"https:\/\/nanexa.com\/#\/schema\/logo\/image\/"}}]}},"_links":{"self":[{"href":"https:\/\/nanexa.com\/sv\/wp-json\/wp\/v2\/pages\/905","targetHints":{"allow":["GET"]}}],"collection":[{"href":"https:\/\/nanexa.com\/sv\/wp-json\/wp\/v2\/pages"}],"about":[{"href":"https:\/\/nanexa.com\/sv\/wp-json\/wp\/v2\/types\/page"}],"author":[{"embeddable":true,"href":"https:\/\/nanexa.com\/sv\/wp-json\/wp\/v2\/users\/1"}],"replies":[{"embeddable":true,"href":"https:\/\/nanexa.com\/sv\/wp-json\/wp\/v2\/comments?post=905"}],"version-history":[{"count":4,"href":"https:\/\/nanexa.com\/sv\/wp-json\/wp\/v2\/pages\/905\/revisions"}],"predecessor-version":[{"id":1701,"href":"https:\/\/nanexa.com\/sv\/wp-json\/wp\/v2\/pages\/905\/revisions\/1701"}],"wp:featuredmedia":[{"embeddable":true,"href":"https:\/\/nanexa.com\/sv\/wp-json\/wp\/v2\/media\/3474"}],"wp:attachment":[{"href":"https:\/\/nanexa.com\/sv\/wp-json\/wp\/v2\/media?parent=905"}],"curies":[{"name":"wp","href":"https:\/\/api.w.org\/{rel}","templated":true}]}}