{"id":950,"date":"2017-10-16T20:02:09","date_gmt":"2017-10-16T18:02:09","guid":{"rendered":"http:\/\/www.nilssonochljung.se\/nanexa\/?page_id=950"},"modified":"2024-11-21T11:08:34","modified_gmt":"2024-11-21T10:08:34","slug":"publikationer","status":"publish","type":"page","link":"https:\/\/nanexa.com\/sv\/publikationer\/","title":{"rendered":"Publikationer"},"content":{"rendered":"<h3>Vetenskapliga artiklar<\/h3>\n<ol>\n<li>M. Rooth, A. Johansson, M. Boman, and A. H\u00e5rsta, Mater<em>.<\/em> <strong>Ordered and Parallel Niobium Oxide Nano-Tubes Fabricated using Atomic Layer Deposition in Anodic Alumina Templates<\/strong><em>, <\/em>MRS Proceedings, 2005, 901, 0901-Ra24-05.<\/li>\n<li>M. Rooth, A. Johansson, K. Kukli, J. Aarik, M. Boman, and A. H\u00e5rsta, <strong>Atomic Layer Deposition of Iron Oxide Thin Films and Nanotubes using Ferrocene and Oxygen as Precursors<\/strong>, Chemical Vapor Deposition 2008, 14(3-4), 67-70.<\/li>\n<li>L. Bl\u00e4ckberg, A. Fay, I. J\u00f5gi, S. Biegalski, M. Boman, K. Elmgren, T. Fritioff, A. Johansson, L. M\u00e5rtensson, F. Nielsen, A. Ringbom, M. Rooth, H. Sj\u00f6strand, and M. Klintenberg, <strong>Investigations of surface coatings to reduce memory effect in plastic scintillator detectors used for radioxenon detection<\/strong>, Nuclear Instruments and Methods in Physics Research A, 2011, 656(1), 84-91.<\/li>\n<li>G. Mestres, M. Espanol, W. Xia, M. Tenje, and M. Ott, <strong>Evaluation of Biocompatibility and Release of Reactive Oxygen Species of Aluminum Oxide-Coated Materials, <\/strong>ASC Omega 2016, 1(4), 706-713.<\/li>\n<li>J. Hellrup, M. Rooth, A. Johansson, and D. Mahlin, <strong>Production and characterization of aluminium oxide nanoshells on spray dried lactose<\/strong>, International Journal of Pharmaceutics, 2017, 529(1-2), 116-122.<\/li>\n<li>J. Hellrup, M. Rooth, E. M\u00e5rtensson, K. Sigfridsson, A. Johansson, <strong>Nanoshells prepared by atomic layer deposition &#8211; Long acting depots of indomethacin<\/strong>, European Journal of Pharmaceutics and Biopharmaceutics, 2019, 140, 60-66.<\/li>\n<\/ol>\n","protected":false},"excerpt":{"rendered":"<p>Vetenskapliga artiklar<\/p>\n<ol>\n<li>M. Rooth, A. Johansson, M. Boman, and A. H\u00e5rsta, Mater<em>.<\/em> Ordered and Parallel Niobium Oxide Nano-Tubes Fabricated using Atomic Layer Deposition in Anodic Alumina Templates<em>,<\/em><\/li>\n<\/ol>\n<p><a class=\"read-more\" href=\"https:\/\/nanexa.com\/sv\/publikationer\/\">L\u00e4s mer<\/a><\/p>\n","protected":false},"author":1,"featured_media":971,"parent":0,"menu_order":0,"comment_status":"closed","ping_status":"open","template":"template.press.php","meta":{"_acf_changed":false,"footnotes":""},"class_list":["post-950","page","type-page","status-publish","has-post-thumbnail","hentry"],"acf":[],"yoast_head":"<!-- This site is optimized with the Yoast SEO plugin v27.5 - https:\/\/yoast.com\/product\/yoast-seo-wordpress\/ -->\n<title>Publikationer - Nanexa AB<\/title>\n<meta name=\"robots\" content=\"index, follow, max-snippet:-1, max-image-preview:large, max-video-preview:-1\" \/>\n<link rel=\"canonical\" href=\"https:\/\/nanexa.com\/publikationer\/\" \/>\n<meta property=\"og:locale\" content=\"sv_SE\" \/>\n<meta property=\"og:type\" content=\"article\" \/>\n<meta property=\"og:title\" content=\"Publikationer - Nanexa AB\" \/>\n<meta property=\"og:description\" content=\"Vetenskapliga artiklar M. Rooth, A. Johansson, M. Boman, and A. H\u00e5rsta, Mater. Ordered and Parallel Niobium Oxide Nano-Tubes Fabricated using Atomic Layer Deposition in Anodic Alumina Templates,L\u00e4s mer\" \/>\n<meta property=\"og:url\" content=\"https:\/\/nanexa.com\/publikationer\/\" \/>\n<meta property=\"og:site_name\" content=\"Nanexa AB\" \/>\n<meta property=\"article:modified_time\" content=\"2024-11-21T10:08:34+00:00\" \/>\n<meta property=\"og:image\" content=\"https:\/\/nanexa.com\/wp-content\/uploads\/2017\/10\/pubikationer.jpg\" \/>\n\t<meta property=\"og:image:width\" content=\"1000\" \/>\n\t<meta property=\"og:image:height\" content=\"333\" \/>\n\t<meta property=\"og:image:type\" content=\"image\/jpeg\" \/>\n<meta name=\"twitter:card\" content=\"summary_large_image\" \/>\n<meta name=\"twitter:label1\" content=\"Ber\u00e4knad l\u00e4stid\" \/>\n\t<meta name=\"twitter:data1\" content=\"2 minuter\" \/>\n<script type=\"application\/ld+json\" class=\"yoast-schema-graph\">{\"@context\":\"https:\\\/\\\/schema.org\",\"@graph\":[{\"@type\":\"WebPage\",\"@id\":\"https:\\\/\\\/nanexa.com\\\/publikationer\\\/\",\"url\":\"https:\\\/\\\/nanexa.com\\\/publikationer\\\/\",\"name\":\"Publikationer - Nanexa AB\",\"isPartOf\":{\"@id\":\"https:\\\/\\\/nanexa.com\\\/#website\"},\"primaryImageOfPage\":{\"@id\":\"https:\\\/\\\/nanexa.com\\\/publikationer\\\/#primaryimage\"},\"image\":{\"@id\":\"https:\\\/\\\/nanexa.com\\\/publikationer\\\/#primaryimage\"},\"thumbnailUrl\":\"https:\\\/\\\/nanexa.com\\\/wp-content\\\/uploads\\\/2017\\\/10\\\/pubikationer.jpg\",\"datePublished\":\"2017-10-16T18:02:09+00:00\",\"dateModified\":\"2024-11-21T10:08:34+00:00\",\"breadcrumb\":{\"@id\":\"https:\\\/\\\/nanexa.com\\\/publikationer\\\/#breadcrumb\"},\"inLanguage\":\"sv-SE\",\"potentialAction\":[{\"@type\":\"ReadAction\",\"target\":[\"https:\\\/\\\/nanexa.com\\\/publikationer\\\/\"]}]},{\"@type\":\"ImageObject\",\"inLanguage\":\"sv-SE\",\"@id\":\"https:\\\/\\\/nanexa.com\\\/publikationer\\\/#primaryimage\",\"url\":\"https:\\\/\\\/nanexa.com\\\/wp-content\\\/uploads\\\/2017\\\/10\\\/pubikationer.jpg\",\"contentUrl\":\"https:\\\/\\\/nanexa.com\\\/wp-content\\\/uploads\\\/2017\\\/10\\\/pubikationer.jpg\",\"width\":1000,\"height\":333},{\"@type\":\"BreadcrumbList\",\"@id\":\"https:\\\/\\\/nanexa.com\\\/publikationer\\\/#breadcrumb\",\"itemListElement\":[{\"@type\":\"ListItem\",\"position\":1,\"name\":\"Hem\",\"item\":\"https:\\\/\\\/nanexa.com\\\/sv\\\/\"},{\"@type\":\"ListItem\",\"position\":2,\"name\":\"Publikationer\"}]},{\"@type\":\"WebSite\",\"@id\":\"https:\\\/\\\/nanexa.com\\\/#website\",\"url\":\"https:\\\/\\\/nanexa.com\\\/\",\"name\":\"Nanexa AB\",\"description\":\"\",\"publisher\":{\"@id\":\"https:\\\/\\\/nanexa.com\\\/#organization\"},\"potentialAction\":[{\"@type\":\"SearchAction\",\"target\":{\"@type\":\"EntryPoint\",\"urlTemplate\":\"https:\\\/\\\/nanexa.com\\\/?s={search_term_string}\"},\"query-input\":{\"@type\":\"PropertyValueSpecification\",\"valueRequired\":true,\"valueName\":\"search_term_string\"}}],\"inLanguage\":\"sv-SE\"},{\"@type\":\"Organization\",\"@id\":\"https:\\\/\\\/nanexa.com\\\/#organization\",\"name\":\"Nanexa AB\",\"url\":\"https:\\\/\\\/nanexa.com\\\/\",\"logo\":{\"@type\":\"ImageObject\",\"inLanguage\":\"sv-SE\",\"@id\":\"https:\\\/\\\/nanexa.com\\\/#\\\/schema\\\/logo\\\/image\\\/\",\"url\":\"https:\\\/\\\/nanexa.com\\\/wp-content\\\/uploads\\\/2015\\\/04\\\/nanexa-logo.png\",\"contentUrl\":\"https:\\\/\\\/nanexa.com\\\/wp-content\\\/uploads\\\/2015\\\/04\\\/nanexa-logo.png\",\"width\":165,\"height\":50,\"caption\":\"Nanexa AB\"},\"image\":{\"@id\":\"https:\\\/\\\/nanexa.com\\\/#\\\/schema\\\/logo\\\/image\\\/\"}}]}<\/script>\n<!-- \/ Yoast SEO plugin. -->","yoast_head_json":{"title":"Publikationer - Nanexa AB","robots":{"index":"index","follow":"follow","max-snippet":"max-snippet:-1","max-image-preview":"max-image-preview:large","max-video-preview":"max-video-preview:-1"},"canonical":"https:\/\/nanexa.com\/publikationer\/","og_locale":"sv_SE","og_type":"article","og_title":"Publikationer - Nanexa AB","og_description":"Vetenskapliga artiklar M. Rooth, A. Johansson, M. Boman, and A. H\u00e5rsta, Mater. Ordered and Parallel Niobium Oxide Nano-Tubes Fabricated using Atomic Layer Deposition in Anodic Alumina Templates,L\u00e4s mer","og_url":"https:\/\/nanexa.com\/publikationer\/","og_site_name":"Nanexa AB","article_modified_time":"2024-11-21T10:08:34+00:00","og_image":[{"width":1000,"height":333,"url":"https:\/\/nanexa.com\/wp-content\/uploads\/2017\/10\/pubikationer.jpg","type":"image\/jpeg"}],"twitter_card":"summary_large_image","twitter_misc":{"Ber\u00e4knad l\u00e4stid":"2 minuter"},"schema":{"@context":"https:\/\/schema.org","@graph":[{"@type":"WebPage","@id":"https:\/\/nanexa.com\/publikationer\/","url":"https:\/\/nanexa.com\/publikationer\/","name":"Publikationer - Nanexa AB","isPartOf":{"@id":"https:\/\/nanexa.com\/#website"},"primaryImageOfPage":{"@id":"https:\/\/nanexa.com\/publikationer\/#primaryimage"},"image":{"@id":"https:\/\/nanexa.com\/publikationer\/#primaryimage"},"thumbnailUrl":"https:\/\/nanexa.com\/wp-content\/uploads\/2017\/10\/pubikationer.jpg","datePublished":"2017-10-16T18:02:09+00:00","dateModified":"2024-11-21T10:08:34+00:00","breadcrumb":{"@id":"https:\/\/nanexa.com\/publikationer\/#breadcrumb"},"inLanguage":"sv-SE","potentialAction":[{"@type":"ReadAction","target":["https:\/\/nanexa.com\/publikationer\/"]}]},{"@type":"ImageObject","inLanguage":"sv-SE","@id":"https:\/\/nanexa.com\/publikationer\/#primaryimage","url":"https:\/\/nanexa.com\/wp-content\/uploads\/2017\/10\/pubikationer.jpg","contentUrl":"https:\/\/nanexa.com\/wp-content\/uploads\/2017\/10\/pubikationer.jpg","width":1000,"height":333},{"@type":"BreadcrumbList","@id":"https:\/\/nanexa.com\/publikationer\/#breadcrumb","itemListElement":[{"@type":"ListItem","position":1,"name":"Hem","item":"https:\/\/nanexa.com\/sv\/"},{"@type":"ListItem","position":2,"name":"Publikationer"}]},{"@type":"WebSite","@id":"https:\/\/nanexa.com\/#website","url":"https:\/\/nanexa.com\/","name":"Nanexa AB","description":"","publisher":{"@id":"https:\/\/nanexa.com\/#organization"},"potentialAction":[{"@type":"SearchAction","target":{"@type":"EntryPoint","urlTemplate":"https:\/\/nanexa.com\/?s={search_term_string}"},"query-input":{"@type":"PropertyValueSpecification","valueRequired":true,"valueName":"search_term_string"}}],"inLanguage":"sv-SE"},{"@type":"Organization","@id":"https:\/\/nanexa.com\/#organization","name":"Nanexa AB","url":"https:\/\/nanexa.com\/","logo":{"@type":"ImageObject","inLanguage":"sv-SE","@id":"https:\/\/nanexa.com\/#\/schema\/logo\/image\/","url":"https:\/\/nanexa.com\/wp-content\/uploads\/2015\/04\/nanexa-logo.png","contentUrl":"https:\/\/nanexa.com\/wp-content\/uploads\/2015\/04\/nanexa-logo.png","width":165,"height":50,"caption":"Nanexa AB"},"image":{"@id":"https:\/\/nanexa.com\/#\/schema\/logo\/image\/"}}]}},"_links":{"self":[{"href":"https:\/\/nanexa.com\/sv\/wp-json\/wp\/v2\/pages\/950","targetHints":{"allow":["GET"]}}],"collection":[{"href":"https:\/\/nanexa.com\/sv\/wp-json\/wp\/v2\/pages"}],"about":[{"href":"https:\/\/nanexa.com\/sv\/wp-json\/wp\/v2\/types\/page"}],"author":[{"embeddable":true,"href":"https:\/\/nanexa.com\/sv\/wp-json\/wp\/v2\/users\/1"}],"replies":[{"embeddable":true,"href":"https:\/\/nanexa.com\/sv\/wp-json\/wp\/v2\/comments?post=950"}],"version-history":[{"count":5,"href":"https:\/\/nanexa.com\/sv\/wp-json\/wp\/v2\/pages\/950\/revisions"}],"predecessor-version":[{"id":7290,"href":"https:\/\/nanexa.com\/sv\/wp-json\/wp\/v2\/pages\/950\/revisions\/7290"}],"wp:featuredmedia":[{"embeddable":true,"href":"https:\/\/nanexa.com\/sv\/wp-json\/wp\/v2\/media\/971"}],"wp:attachment":[{"href":"https:\/\/nanexa.com\/sv\/wp-json\/wp\/v2\/media?parent=950"}],"curies":[{"name":"wp","href":"https:\/\/api.w.org\/{rel}","templated":true}]}}